{"id":1656,"date":"2024-06-03T10:02:36","date_gmt":"2024-06-03T09:02:36","guid":{"rendered":"https:\/\/ascymru.org.uk\/?page_id=1656"},"modified":"2026-01-29T13:54:44","modified_gmt":"2026-01-29T13:54:44","slug":"gwasanaeth-cynrychiolydd-person-perthnasol-rpr-gweithwyr-iechyd-proffesiynol","status":"publish","type":"page","link":"https:\/\/ascymru.org.uk\/cy\/eiriolaeth-a-gynigiwn\/gwasanaeth-cynrychiolydd-person-perthnasol-rpr-gweithwyr-iechyd-proffesiynol\/","title":{"rendered":"Gwasanaeth Cynrychiolydd Person Perthnasol (CPP) &#8211; Gweithwyr Iechyd Proffesiynol"},"content":{"rendered":"\n<h2  data-animation-delay=\"0\" data-animation-duration=\"1\">\n\t\t\t\t<\/h2>\n<h2  data-animation-delay=\"0\" data-animation-duration=\"1\">\n\t\t\tGwasanaeth Cynrychiolydd Person Perthnasol (CPP) &#8211; Gweithwyr Iechyd Proffesiynol \t<\/h2>\n\t<p>R\u00f4l Cynrychiolydd Person Perthnasol yw cadw mewn cysylltiad \u00e2&#8217;r person a&#8217;i gynrychioli a&#8217;i gefnogi ym mhob mater sy&#8217;n ymwneud \u00e2 threfniadau diogelu rhag colli rhyddid (neu DoLS).<\/p>\n<p>Yn aml gall CPP fod yn aelod o&#8217;r teulu neu&#8217;n ffrind i&#8217;r person. Lle nad oes person priodol ar gael i ymgymryd \u00e2 r\u00f4l CPP, yna gellir penodi CPP \u00e2 th\u00e2l drwy ein gwasanaeth CPP.<\/p>\n<p>I drafod atgyfeiriad posibl <strong>Ff\u00f4n. 029 2054 0444.<\/strong><\/p>\n\t\t\t<a href=\"https:\/\/ascymru.org.uk\/wp-content\/uploads\/2026\/01\/Confidentiality-Policy-Cym.pdf\" target=\"_self\">\n\t\t\t\t\t\t\tPolisi Cyfrinachedd ASC &#8211; Cliciwch Yma\n\t\t\t\t\t<\/a>\n<h2  data-animation-delay=\"0\" data-animation-duration=\"1\">\n\t\t\tAtgyfeiriadau\t<\/h2>\n\t<p>Gellir gwneud atgyfeiriadau Trefniadau Diolgelu Rhag Colli Rhyddid (neu DOLs) EGMA gan y person perthnasol sy&#8217;n gwneud penderfyniadau neu berson \u00e2&#8217;r awdurdod i wneud yr atgyfeiriad ar eu rhan yn unig. Os ydych yn ansicr am gymhwysedd, cysylltwch \u00e2 <strong>029 2054 0444<\/strong> .<\/p>\n<p>Gallwch lawrlwytho&#8217;r ffurflen trwy glicio ar y ddolen isod. Cwblhewch y ffurflen hon a&#8217;i dychwelyd atom try e-bost at <strong>info@ascymru.org.uk<\/strong><\/p>\n\t\t\t<a href=\"https:\/\/ascymru.org.uk\/wp-content\/uploads\/2024\/05\/IMCA-West-DoLS-Referral-Form-W.docx\" target=\"_blank\" rel=\"noopener\">\n\t\t\t\t\t\tFfurflen Atgyfeirio Trefniadau Diolgelu Rhag Colli Rhyddid (neu DOLs) EGMA \n\t\t\t\t\t<\/a>\n\t\t\t\t<img decoding=\"async\" src=\"http:\/\/ascymru.org.uk\/wp-content\/uploads\/2023\/06\/map-imha.svg\" alt=\"map-imha\" itemprop=\"image\" height=\"0\" width=\"0\" title=\"map-imha\" onerror=\"this.style.display='none'\" loading=\"lazy\" \/>\n<h2  data-animation-delay=\"0\" data-animation-duration=\"1\">\n\t\t\tStraeon Cleifion\t<\/h2>\n\t<p>Rydym wedi cefnogi llawer o gleientiaid gydag Eiriolaeth Galluedd Meddyliol Annibynnol. Dyma rai enghreifftiau yn unig, rydym wedi eu gwneud yn ddienw fel y bo&#8217;n briodol.<\/p>\n\t\t<a href=\"https:\/\/ascymru.org.uk\/cy\/client-story\/cleient-imca-j\/\" title=\"View Box Content\" target=\"_self\"  aria-label=\"Post Element\"><\/a>\t\t\n\t\t\t\t\t\t\t\t\t\t\t\t\t\t<a href=\"https:\/\/ascymru.org.uk\/cy\/client-story\/cleient-imca-j\/\" target=\"_self\" title=\"IMCA Cleient J\">\n\t\t\t\t<img decoding=\"async\" src=\"https:\/\/ascymru.org.uk\/wp-content\/uploads\/2023\/06\/image-18-150x150.jpeg\" alt=\"\" \/>\n\t\t\t\t<\/a>\n\t\t\t\t\t\t<h3>\n\t\t\t\t<a href=\"https:\/\/ascymru.org.uk\/cy\/client-story\/cleient-imca-j\/\" title=\"IMCA Cleient J\">IMCA Cleient J<\/a>\t\t\t<\/h3>\n\t\t<a href=\"https:\/\/ascymru.org.uk\/cy\/client-story\/cleient-imca-h\/\" title=\"View Box Content\" target=\"_self\"  aria-label=\"Post Element\"><\/a>\t\t\n\t\t\t\t\t\t\t\t\t\t\t\t\t\t<a href=\"https:\/\/ascymru.org.uk\/cy\/client-story\/cleient-imca-h\/\" target=\"_self\" title=\"IMCA Cleient H\">\n\t\t\t\t<img decoding=\"async\" src=\"https:\/\/ascymru.org.uk\/wp-content\/uploads\/2023\/06\/image-17-150x150.jpeg\" alt=\"\" \/>\n\t\t\t\t<\/a>\n\t\t\t\t\t\t<h3>\n\t\t\t\t<a href=\"https:\/\/ascymru.org.uk\/cy\/client-story\/cleient-imca-h\/\" title=\"IMCA Cleient H\">IMCA Cleient H<\/a>\t\t\t<\/h3>\n\t\t<a href=\"https:\/\/ascymru.org.uk\/cy\/client-story\/cleient-imca-g\/\" title=\"View Box Content\" target=\"_self\"  aria-label=\"Post Element\"><\/a>\t\t\n\t\t\t\t\t\t\t\t\t\t\t\t\t\t<a href=\"https:\/\/ascymru.org.uk\/cy\/client-story\/cleient-imca-g\/\" target=\"_self\" title=\"IMCA Cleient G\">\n\t\t\t\t<img decoding=\"async\" src=\"https:\/\/ascymru.org.uk\/wp-content\/uploads\/2023\/06\/image-16-150x150.jpeg\" alt=\"\" \/>\n\t\t\t\t<\/a>\n\t\t\t\t\t\t<h3>\n\t\t\t\t<a href=\"https:\/\/ascymru.org.uk\/cy\/client-story\/cleient-imca-g\/\" title=\"IMCA Cleient G\">IMCA Cleient G<\/a>\t\t\t<\/h3>\n\t\t<a href=\"https:\/\/ascymru.org.uk\/cy\/client-story\/cleient-imca-f\/\" title=\"View Box Content\" target=\"_self\"  aria-label=\"Post Element\"><\/a>\t\t\n\t\t\t\t\t\t\t\t\t\t\t\t\t\t<a href=\"https:\/\/ascymru.org.uk\/cy\/client-story\/cleient-imca-f\/\" target=\"_self\" title=\"IMCA Cleient F\">\n\t\t\t\t<img decoding=\"async\" src=\"https:\/\/ascymru.org.uk\/wp-content\/uploads\/2023\/06\/image-15-150x150.jpeg\" alt=\"\" \/>\n\t\t\t\t<\/a>\n\t\t\t\t\t\t<h3>\n\t\t\t\t<a href=\"https:\/\/ascymru.org.uk\/cy\/client-story\/cleient-imca-f\/\" title=\"IMCA Cleient F\">IMCA Cleient F<\/a>\t\t\t<\/h3>\n\t\t<a href=\"https:\/\/ascymru.org.uk\/cy\/client-story\/cleient-imca-e\/\" title=\"View Box Content\" target=\"_self\"  aria-label=\"Post Element\"><\/a>\t\t\n\t\t\t\t\t\t\t\t\t\t\t\t\t\t<a href=\"https:\/\/ascymru.org.uk\/cy\/client-story\/cleient-imca-e\/\" target=\"_self\" title=\"IMCA Cleient E\">\n\t\t\t\t<img decoding=\"async\" src=\"https:\/\/ascymru.org.uk\/wp-content\/uploads\/2023\/06\/image-14-150x150.jpeg\" alt=\"\" \/>\n\t\t\t\t<\/a>\n\t\t\t\t\t\t<h3>\n\t\t\t\t<a href=\"https:\/\/ascymru.org.uk\/cy\/client-story\/cleient-imca-e\/\" title=\"IMCA Cleient E\">IMCA Cleient E<\/a>\t\t\t<\/h3>\n\t\t<a href=\"https:\/\/ascymru.org.uk\/cy\/client-story\/cleient-imca-d\/\" title=\"View Box Content\" target=\"_self\"  aria-label=\"Post Element\"><\/a>\t\t\n\t\t\t\t\t\t\t\t\t\t\t\t\t\t<a href=\"https:\/\/ascymru.org.uk\/cy\/client-story\/cleient-imca-d\/\" target=\"_self\" title=\"IMCA Cleient D\">\n\t\t\t\t<img decoding=\"async\" src=\"https:\/\/ascymru.org.uk\/wp-content\/uploads\/2023\/06\/image-13-150x150.jpeg\" alt=\"\" \/>\n\t\t\t\t<\/a>\n\t\t\t\t\t\t<h3>\n\t\t\t\t<a href=\"https:\/\/ascymru.org.uk\/cy\/client-story\/cleient-imca-d\/\" title=\"IMCA Cleient D\">IMCA Cleient D<\/a>\t\t\t<\/h3>\n\t\t<a href=\"https:\/\/ascymru.org.uk\/cy\/client-story\/cleient-imca-c\/\" title=\"View Box Content\" target=\"_self\"  aria-label=\"Post Element\"><\/a>\t\t\n\t\t\t\t\t\t\t\t\t\t\t\t\t\t<a href=\"https:\/\/ascymru.org.uk\/cy\/client-story\/cleient-imca-c\/\" target=\"_self\" title=\"IMCA Cleient C\">\n\t\t\t\t<img decoding=\"async\" src=\"https:\/\/ascymru.org.uk\/wp-content\/uploads\/2023\/06\/image-12-150x150.jpeg\" alt=\"\" \/>\n\t\t\t\t<\/a>\n\t\t\t\t\t\t<h3>\n\t\t\t\t<a href=\"https:\/\/ascymru.org.uk\/cy\/client-story\/cleient-imca-c\/\" title=\"IMCA Cleient C\">IMCA Cleient C<\/a>\t\t\t<\/h3>\n\t\t<a href=\"https:\/\/ascymru.org.uk\/cy\/client-story\/cleient-imca-b\/\" title=\"View Box Content\" target=\"_self\"  aria-label=\"Post Element\"><\/a>\t\t\n\t\t\t\t\t\t\t\t\t\t\t\t\t\t<a href=\"https:\/\/ascymru.org.uk\/cy\/client-story\/cleient-imca-b\/\" target=\"_self\" title=\"IMCA Cleient B\">\n\t\t\t\t<img decoding=\"async\" src=\"https:\/\/ascymru.org.uk\/wp-content\/uploads\/2023\/06\/image-11-150x150.jpeg\" alt=\"\" \/>\n\t\t\t\t<\/a>\n\t\t\t\t\t\t<h3>\n\t\t\t\t<a href=\"https:\/\/ascymru.org.uk\/cy\/client-story\/cleient-imca-b\/\" title=\"IMCA Cleient B\">IMCA Cleient B<\/a>\t\t\t<\/h3>\n\t\t<a href=\"https:\/\/ascymru.org.uk\/cy\/client-story\/cleient-imca-a\/\" title=\"View Box Content\" target=\"_self\"  aria-label=\"Post Element\"><\/a>\t\t\n\t\t\t\t\t\t\t\t\t\t\t\t\t\t<a href=\"https:\/\/ascymru.org.uk\/cy\/client-story\/cleient-imca-a\/\" target=\"_self\" title=\"IMCA Cleient A\">\n\t\t\t\t<img decoding=\"async\" src=\"https:\/\/ascymru.org.uk\/wp-content\/uploads\/2023\/06\/image-10-150x150.jpeg\" alt=\"\" \/>\n\t\t\t\t<\/a>\n\t\t\t\t\t\t<h3>\n\t\t\t\t<a href=\"https:\/\/ascymru.org.uk\/cy\/client-story\/cleient-imca-a\/\" title=\"IMCA Cleient A\">IMCA Cleient A<\/a>\t\t\t<\/h3>\n<h2  data-animation-delay=\"0\" data-animation-duration=\"1\">\n\t\t\tDdim yn si\u0175r pa wasanaeth sy&#8217;n iawn i chi?\t<\/h2>\n\t<p>Bydd ein siart lif Llwybr Atgyfeirio yn eich helpu.<\/p>\n\t\t\t<a href=\"http:\/\/ascymru.org.uk\/wp-content\/uploads\/2023\/05\/2020_ASC_A3_Statutory_Referral_Pathway.pdf\" target=\"_blank\" rel=\"noopener\">\n\t\t\t\t\t\t\tCliciwch yma i&#8217;w lawrlwytho\n\t\t\t\t\t<\/a>\n<h2  data-animation-delay=\"0\" data-animation-duration=\"1\">\n\t\t\tNewyddion a Blogiau\t<\/h2>\n\t\t\t\t\t\t<h3>\n\t\t\t\t<a href=\"https:\/\/ascymru.org.uk\/cy\/bydd-arian-y-loteri-genedlaethol-yn-ehangu-eiriolaeth-arbenigol-cymorth-adfocatiaeth-cymru-i-bobl-ag-anableddau-dysgu-a-neu-awtistiaeth\/\" title=\"Bydd arian y Loteri Genedlaethol yn ehangu Eiriolaeth Arbenigol Cymorth Adfocatiaeth Cymru i Bobl ag Anableddau Dysgu a\/neu Awtistiaeth.\">Bydd arian y Loteri Genedlaethol yn ehangu Eiriolaeth Arbenigol Cymorth Adfocatiaeth Cymru i Bobl ag Anableddau Dysgu a\/neu Awtistiaeth.<\/a>\t\t\t<\/h3>\n\t\t\t\t\t\t\t\tMae&#8217;n bleser gennym gyhoeddi bod cais am arian gan Gronfa Gymunedol y Loteri Genedlaethol Cymru i gefnogi ein gwasanaeth Anableddau &#8230;\n\t\t\t\t\t\t<h3>\n\t\t\t\t<a href=\"https:\/\/ascymru.org.uk\/cy\/mae-rhaglen-defnyddwyr-gwasanaeth-asc-yn-cael-cymorth-ariannol-gan-lywodraeth-cymru\/\" title=\"Mae Rhaglen Defnyddwyr Gwasanaeth ASC yn cael cymorth ariannol gan Lywodraeth Cymru\">Mae Rhaglen Defnyddwyr Gwasanaeth ASC yn cael cymorth ariannol gan Lywodraeth Cymru<\/a>\t\t\t<\/h3>\n\t\t\t\t\t\t\t\tRydym yn falch iawn o gyhoeddi bod cais am arian i gefnogi ein Rhaglen Defnyddwyr Gwasanaeth Gyda&#8217;n Gilydd wedi bod &#8230;\n<h2  data-animation-delay=\"0\" data-animation-duration=\"1\">\n\t\t\tDilynwch Ni\t<\/h2>\n<h2  data-animation-delay=\"0\" data-animation-duration=\"1\">\n\t\t\tCysylltwch \u00e2 Ni\t<\/h2>\n\t<p>Cymorth Eiriolaeth Cymru (ASC)<\/p>\n<strong>Prif Swyddfa:<\/strong><br \/>\nCharterhouse 1, Parc Busnes Links, Ffordd Fortran<br \/>\nLlaneirwg, Caerdydd<br \/>\nCF3 0LT\nSingleton House, Charter Court, Phoenix Way<br \/>\nParc Anturiaeth Abertawe, Abertawe<br \/>\nSA7 9DD\nFf\u00f4n: <strong><a href=\"tel:02920540444\" target=\"_blank\" rel=\"noopener\">029 2054 0444<\/a><\/strong><br \/>\nFfacs: <strong>029 2073 5620<\/strong><br \/>\nE-bost: <strong><a href=\"mailto:info@ascymru.org.uk\" target=\"_blank\" rel=\"noopener\">info@ascymru.org.uk<\/a><\/strong>\n\n","protected":false},"excerpt":{"rendered":"<p>Gwasanaeth Cynrychiolydd Person Perthnasol (CPP) &#8211; Gweithwyr Iechyd Proffesiynol R\u00f4l Cynrychiolydd Person Perthnasol yw cadw mewn cysylltiad \u00e2&#8217;r person a&#8217;i gynrychioli a&#8217;i gefnogi ym mhob mater sy&#8217;n ymwneud \u00e2 threfniadau diogelu rhag colli rhyddid (neu DoLS). Yn aml gall CPP fod yn aelod o&#8217;r teulu neu&#8217;n ffrind i&#8217;r person. Lle nad oes person priodol ar&hellip;<\/p>\n","protected":false},"author":6,"featured_media":0,"parent":473,"menu_order":0,"comment_status":"closed","ping_status":"closed","template":"","meta":{"inline_featured_image":false,"footnotes":""},"class_list":["post-1656","page","type-page","status-publish","hentry"],"yoast_head":"<!-- This site is optimized with the Yoast SEO plugin v26.6 - https:\/\/yoast.com\/wordpress\/plugins\/seo\/ -->\n<title>Gwasanaeth Cynrychiolydd Person Perthnasol (CPP) - Gweithwyr Iechyd Proffesiynol - AS Cymru<\/title>\n<meta name=\"robots\" content=\"index, follow, max-snippet:-1, max-image-preview:large, max-video-preview:-1\" \/>\n<link rel=\"canonical\" href=\"https:\/\/ascymru.org.uk\/cy\/eiriolaeth-a-gynigiwn\/gwasanaeth-cynrychiolydd-person-perthnasol-rpr-gweithwyr-iechyd-proffesiynol\/\" \/>\n<meta property=\"og:locale\" content=\"cy_GB\" \/>\n<meta property=\"og:type\" content=\"article\" \/>\n<meta property=\"og:title\" content=\"Gwasanaeth Cynrychiolydd Person Perthnasol (CPP) - Gweithwyr Iechyd Proffesiynol - AS Cymru\" \/>\n<meta property=\"og:description\" content=\"Gwasanaeth Cynrychiolydd Person Perthnasol (CPP) &#8211; Gweithwyr Iechyd Proffesiynol R\u00f4l Cynrychiolydd Person Perthnasol yw cadw mewn cysylltiad \u00e2&#8217;r person a&#8217;i gynrychioli a&#8217;i gefnogi ym mhob mater sy&#8217;n ymwneud \u00e2 threfniadau diogelu rhag colli rhyddid (neu DoLS). Yn aml gall CPP fod yn aelod o&#8217;r teulu neu&#8217;n ffrind i&#8217;r person. Lle nad oes person priodol ar&hellip;\" \/>\n<meta property=\"og:url\" content=\"https:\/\/ascymru.org.uk\/cy\/eiriolaeth-a-gynigiwn\/gwasanaeth-cynrychiolydd-person-perthnasol-rpr-gweithwyr-iechyd-proffesiynol\/\" \/>\n<meta property=\"og:site_name\" content=\"AS Cymru\" \/>\n<meta property=\"article:modified_time\" content=\"2026-01-29T13:54:44+00:00\" \/>\n<meta property=\"og:image\" content=\"http:\/\/ascymru.org.uk\/wp-content\/uploads\/2023\/06\/map-imha.svg\" \/>\n<meta name=\"twitter:card\" content=\"summary_large_image\" \/>\n<meta name=\"twitter:label1\" content=\"Est. reading time\" \/>\n\t<meta name=\"twitter:data1\" content=\"4 minutes\" \/>\n<script type=\"application\/ld+json\" class=\"yoast-schema-graph\">{\"@context\":\"https:\/\/schema.org\",\"@graph\":[{\"@type\":\"WebPage\",\"@id\":\"https:\/\/ascymru.org.uk\/cy\/eiriolaeth-a-gynigiwn\/gwasanaeth-cynrychiolydd-person-perthnasol-rpr-gweithwyr-iechyd-proffesiynol\/\",\"url\":\"https:\/\/ascymru.org.uk\/cy\/eiriolaeth-a-gynigiwn\/gwasanaeth-cynrychiolydd-person-perthnasol-rpr-gweithwyr-iechyd-proffesiynol\/\",\"name\":\"Gwasanaeth Cynrychiolydd Person Perthnasol (CPP) - Gweithwyr Iechyd Proffesiynol - AS Cymru\",\"isPartOf\":{\"@id\":\"https:\/\/ascymru.org.uk\/#website\"},\"primaryImageOfPage\":{\"@id\":\"https:\/\/ascymru.org.uk\/cy\/eiriolaeth-a-gynigiwn\/gwasanaeth-cynrychiolydd-person-perthnasol-rpr-gweithwyr-iechyd-proffesiynol\/#primaryimage\"},\"image\":{\"@id\":\"https:\/\/ascymru.org.uk\/cy\/eiriolaeth-a-gynigiwn\/gwasanaeth-cynrychiolydd-person-perthnasol-rpr-gweithwyr-iechyd-proffesiynol\/#primaryimage\"},\"thumbnailUrl\":\"http:\/\/ascymru.org.uk\/wp-content\/uploads\/2023\/06\/map-imha.svg\",\"datePublished\":\"2024-06-03T09:02:36+00:00\",\"dateModified\":\"2026-01-29T13:54:44+00:00\",\"breadcrumb\":{\"@id\":\"https:\/\/ascymru.org.uk\/cy\/eiriolaeth-a-gynigiwn\/gwasanaeth-cynrychiolydd-person-perthnasol-rpr-gweithwyr-iechyd-proffesiynol\/#breadcrumb\"},\"inLanguage\":\"cy-GB\",\"potentialAction\":[{\"@type\":\"ReadAction\",\"target\":[\"https:\/\/ascymru.org.uk\/cy\/eiriolaeth-a-gynigiwn\/gwasanaeth-cynrychiolydd-person-perthnasol-rpr-gweithwyr-iechyd-proffesiynol\/\"]}]},{\"@type\":\"ImageObject\",\"inLanguage\":\"cy-GB\",\"@id\":\"https:\/\/ascymru.org.uk\/cy\/eiriolaeth-a-gynigiwn\/gwasanaeth-cynrychiolydd-person-perthnasol-rpr-gweithwyr-iechyd-proffesiynol\/#primaryimage\",\"url\":\"http:\/\/ascymru.org.uk\/wp-content\/uploads\/2023\/06\/map-imha.svg\",\"contentUrl\":\"http:\/\/ascymru.org.uk\/wp-content\/uploads\/2023\/06\/map-imha.svg\"},{\"@type\":\"BreadcrumbList\",\"@id\":\"https:\/\/ascymru.org.uk\/cy\/eiriolaeth-a-gynigiwn\/gwasanaeth-cynrychiolydd-person-perthnasol-rpr-gweithwyr-iechyd-proffesiynol\/#breadcrumb\",\"itemListElement\":[{\"@type\":\"ListItem\",\"position\":1,\"name\":\"Home\",\"item\":\"https:\/\/ascymru.org.uk\/cy\/\"},{\"@type\":\"ListItem\",\"position\":2,\"name\":\"Eiriolaeth a Gynigiwn\",\"item\":\"https:\/\/ascymru.org.uk\/advocacy-we-offer\/\"},{\"@type\":\"ListItem\",\"position\":3,\"name\":\"Gwasanaeth Cynrychiolydd Person Perthnasol (CPP) &#8211; Gweithwyr Iechyd Proffesiynol\"}]},{\"@type\":\"WebSite\",\"@id\":\"https:\/\/ascymru.org.uk\/#website\",\"url\":\"https:\/\/ascymru.org.uk\/\",\"name\":\"AS Cymru\",\"description\":\"\",\"potentialAction\":[{\"@type\":\"SearchAction\",\"target\":{\"@type\":\"EntryPoint\",\"urlTemplate\":\"https:\/\/ascymru.org.uk\/?s={search_term_string}\"},\"query-input\":{\"@type\":\"PropertyValueSpecification\",\"valueRequired\":true,\"valueName\":\"search_term_string\"}}],\"inLanguage\":\"cy-GB\"}]}<\/script>\n<!-- \/ Yoast SEO plugin. -->","yoast_head_json":{"title":"Gwasanaeth Cynrychiolydd Person Perthnasol (CPP) - Gweithwyr Iechyd Proffesiynol - AS Cymru","robots":{"index":"index","follow":"follow","max-snippet":"max-snippet:-1","max-image-preview":"max-image-preview:large","max-video-preview":"max-video-preview:-1"},"canonical":"https:\/\/ascymru.org.uk\/cy\/eiriolaeth-a-gynigiwn\/gwasanaeth-cynrychiolydd-person-perthnasol-rpr-gweithwyr-iechyd-proffesiynol\/","og_locale":"cy_GB","og_type":"article","og_title":"Gwasanaeth Cynrychiolydd Person Perthnasol (CPP) - Gweithwyr Iechyd Proffesiynol - AS Cymru","og_description":"Gwasanaeth Cynrychiolydd Person Perthnasol (CPP) &#8211; Gweithwyr Iechyd Proffesiynol R\u00f4l Cynrychiolydd Person Perthnasol yw cadw mewn cysylltiad \u00e2&#8217;r person a&#8217;i gynrychioli a&#8217;i gefnogi ym mhob mater sy&#8217;n ymwneud \u00e2 threfniadau diogelu rhag colli rhyddid (neu DoLS). Yn aml gall CPP fod yn aelod o&#8217;r teulu neu&#8217;n ffrind i&#8217;r person. Lle nad oes person priodol ar&hellip;","og_url":"https:\/\/ascymru.org.uk\/cy\/eiriolaeth-a-gynigiwn\/gwasanaeth-cynrychiolydd-person-perthnasol-rpr-gweithwyr-iechyd-proffesiynol\/","og_site_name":"AS Cymru","article_modified_time":"2026-01-29T13:54:44+00:00","og_image":[{"url":"http:\/\/ascymru.org.uk\/wp-content\/uploads\/2023\/06\/map-imha.svg","type":"","width":"","height":""}],"twitter_card":"summary_large_image","twitter_misc":{"Est. reading time":"4 minutes"},"schema":{"@context":"https:\/\/schema.org","@graph":[{"@type":"WebPage","@id":"https:\/\/ascymru.org.uk\/cy\/eiriolaeth-a-gynigiwn\/gwasanaeth-cynrychiolydd-person-perthnasol-rpr-gweithwyr-iechyd-proffesiynol\/","url":"https:\/\/ascymru.org.uk\/cy\/eiriolaeth-a-gynigiwn\/gwasanaeth-cynrychiolydd-person-perthnasol-rpr-gweithwyr-iechyd-proffesiynol\/","name":"Gwasanaeth Cynrychiolydd Person Perthnasol (CPP) - Gweithwyr Iechyd Proffesiynol - AS Cymru","isPartOf":{"@id":"https:\/\/ascymru.org.uk\/#website"},"primaryImageOfPage":{"@id":"https:\/\/ascymru.org.uk\/cy\/eiriolaeth-a-gynigiwn\/gwasanaeth-cynrychiolydd-person-perthnasol-rpr-gweithwyr-iechyd-proffesiynol\/#primaryimage"},"image":{"@id":"https:\/\/ascymru.org.uk\/cy\/eiriolaeth-a-gynigiwn\/gwasanaeth-cynrychiolydd-person-perthnasol-rpr-gweithwyr-iechyd-proffesiynol\/#primaryimage"},"thumbnailUrl":"http:\/\/ascymru.org.uk\/wp-content\/uploads\/2023\/06\/map-imha.svg","datePublished":"2024-06-03T09:02:36+00:00","dateModified":"2026-01-29T13:54:44+00:00","breadcrumb":{"@id":"https:\/\/ascymru.org.uk\/cy\/eiriolaeth-a-gynigiwn\/gwasanaeth-cynrychiolydd-person-perthnasol-rpr-gweithwyr-iechyd-proffesiynol\/#breadcrumb"},"inLanguage":"cy-GB","potentialAction":[{"@type":"ReadAction","target":["https:\/\/ascymru.org.uk\/cy\/eiriolaeth-a-gynigiwn\/gwasanaeth-cynrychiolydd-person-perthnasol-rpr-gweithwyr-iechyd-proffesiynol\/"]}]},{"@type":"ImageObject","inLanguage":"cy-GB","@id":"https:\/\/ascymru.org.uk\/cy\/eiriolaeth-a-gynigiwn\/gwasanaeth-cynrychiolydd-person-perthnasol-rpr-gweithwyr-iechyd-proffesiynol\/#primaryimage","url":"http:\/\/ascymru.org.uk\/wp-content\/uploads\/2023\/06\/map-imha.svg","contentUrl":"http:\/\/ascymru.org.uk\/wp-content\/uploads\/2023\/06\/map-imha.svg"},{"@type":"BreadcrumbList","@id":"https:\/\/ascymru.org.uk\/cy\/eiriolaeth-a-gynigiwn\/gwasanaeth-cynrychiolydd-person-perthnasol-rpr-gweithwyr-iechyd-proffesiynol\/#breadcrumb","itemListElement":[{"@type":"ListItem","position":1,"name":"Home","item":"https:\/\/ascymru.org.uk\/cy\/"},{"@type":"ListItem","position":2,"name":"Eiriolaeth a Gynigiwn","item":"https:\/\/ascymru.org.uk\/advocacy-we-offer\/"},{"@type":"ListItem","position":3,"name":"Gwasanaeth Cynrychiolydd Person Perthnasol (CPP) &#8211; Gweithwyr Iechyd Proffesiynol"}]},{"@type":"WebSite","@id":"https:\/\/ascymru.org.uk\/#website","url":"https:\/\/ascymru.org.uk\/","name":"AS Cymru","description":"","potentialAction":[{"@type":"SearchAction","target":{"@type":"EntryPoint","urlTemplate":"https:\/\/ascymru.org.uk\/?s={search_term_string}"},"query-input":{"@type":"PropertyValueSpecification","valueRequired":true,"valueName":"search_term_string"}}],"inLanguage":"cy-GB"}]}},"_links":{"self":[{"href":"https:\/\/ascymru.org.uk\/cy\/wp-json\/wp\/v2\/pages\/1656","targetHints":{"allow":["GET"]}}],"collection":[{"href":"https:\/\/ascymru.org.uk\/cy\/wp-json\/wp\/v2\/pages"}],"about":[{"href":"https:\/\/ascymru.org.uk\/cy\/wp-json\/wp\/v2\/types\/page"}],"author":[{"embeddable":true,"href":"https:\/\/ascymru.org.uk\/cy\/wp-json\/wp\/v2\/users\/6"}],"replies":[{"embeddable":true,"href":"https:\/\/ascymru.org.uk\/cy\/wp-json\/wp\/v2\/comments?post=1656"}],"version-history":[{"count":16,"href":"https:\/\/ascymru.org.uk\/cy\/wp-json\/wp\/v2\/pages\/1656\/revisions"}],"predecessor-version":[{"id":2591,"href":"https:\/\/ascymru.org.uk\/cy\/wp-json\/wp\/v2\/pages\/1656\/revisions\/2591"}],"up":[{"embeddable":true,"href":"https:\/\/ascymru.org.uk\/cy\/wp-json\/wp\/v2\/pages\/473"}],"wp:attachment":[{"href":"https:\/\/ascymru.org.uk\/cy\/wp-json\/wp\/v2\/media?parent=1656"}],"curies":[{"name":"wp","href":"https:\/\/api.w.org\/{rel}","templated":true}]}}