{"id":474,"date":"2023-05-23T09:46:10","date_gmt":"2023-05-23T08:46:10","guid":{"rendered":"https:\/\/ascymru.org.uk\/cysylltwch-a-ni\/"},"modified":"2023-08-02T14:48:34","modified_gmt":"2023-08-02T13:48:34","slug":"cysylltwch-a-ni","status":"publish","type":"page","link":"https:\/\/ascymru.org.uk\/cy\/cysylltwch-a-ni\/","title":{"rendered":"Cysylltu \u00e2 Ni"},"content":{"rendered":"\n<h2>\n\t\tCysylltu \u00e2 ni\n\t<\/h2>\n<h2>\n\t\tCysylltu \u00e2 Ni\n\t<\/h2>\n\t<strong>Prif Swyddfa:<\/strong><br \/>\nCharterhouse 1<br \/>\nParc Busnes Links<br \/>\nFfordd Fortran<br \/>\nLlaneirwg<br \/>\nCaerdydd<br \/>\nCF3 0LT \nTy Singleton<br \/>\nLlys Siarter<br \/>\nFfordd Ffenics<br \/>\nParc Menter Abertawe<br \/>\nAbertawe, SA7 9DD \nFf\u00f4n: <strong>029 2054 0444<\/strong><br \/>\nFfacs: <strong>029 2073 5620<\/strong><br \/>\nE-bost: <strong><a href=\"mailto:info@ascymru.org.uk\" rel=\"noopener\" target=\"_blank\">info@ascymru.org.uk<\/a><\/strong>\n<h2>\n\t\tDdim yn si\u0175r pa wasanaeth sy&#8217;n iawn i chi?\n\t<\/h2>\n\t<p>Bydd ein siart lif Llwybr Atgyfeirio yn eich helpu.<\/p>\n\t\t\t<a href=\"http:\/\/ascymru.org.uk\/wp-content\/uploads\/2023\/05\/2020_ASC_A3_Statutory_Referral_Pathway.pdf\" target=\"_blank\" rel=\"noopener\">\n\t\t\t\t\t\t\tCliciwch yma i&#8217;w lawrlwytho\n\t\t\t\t\t<\/a>\n<h2>\n\t\tNewyddion Diweddaraf\n\t<\/h2>\n\t\t\t\t\t\t\t\t\t\t\t\t\t\t<a href=\"https:\/\/ascymru.org.uk\/cy\/blwyddyn-newydd-2023-gwasanaeth-newydd-cyflwyno-eiriolaeth-arbenigol-i-bobl-ag-anableddau-dysgu-a-neu-awtistiaeth-6\/\" target=\"_self\" title=\"Blwyddyn Newydd 2023, Gwasanaeth Newydd &#8211; Cyflwyno Eiriolaeth Arbenigol i Bobl ag Anableddau Dysgu a\/neu Awtistiaeth\" rel=\"noopener\">\n\t\t\t\t<img decoding=\"async\" src=\"http:\/\/ascymru.org.uk\/wp-content\/uploads\/2023\/06\/775545a6f8c65823f427890054c093ba.jpeg\" alt=\"\" \/>\n\t\t\t\t<\/a>\n\t\t\t\t\t\t<h3>\n\t\t\t\t<a href=https:\/\/ascymru.org.uk\/cy\/blwyddyn-newydd-2023-gwasanaeth-newydd-cyflwyno-eiriolaeth-arbenigol-i-bobl-ag-anableddau-dysgu-a-neu-awtistiaeth-6\/ title=\"Blwyddyn Newydd 2023, Gwasanaeth Newydd &#8211; Cyflwyno Eiriolaeth Arbenigol i Bobl ag Anableddau Dysgu a\/neu Awtistiaeth\" tabindex=\"0\">Blwyddyn Newydd 2023, Gwasanaeth Newydd &#8211; Cyflwyno Eiriolaeth Arbenigol i Bobl ag Anableddau Dysgu a\/neu Awtistiaeth<\/a>\t\t\t<\/h3>\n\t\t\t\t\t\t\t\tRydyn ni nawr yn gallu derbyn atgyfeiriadau ar gyfer ein Eiriolaeth Arbenigol newydd ar gyfer pobl ag Anableddau Dysgu a\/neu &#8230;\n\t\t\t\t\t\t\t\t\t\t\t\t\t\t<a href=\"https:\/\/ascymru.org.uk\/cy\/blog-myfyrdod-ar-y-rol-y-mae-hawliau-dynol-yn-ei-chwarae-mewn-practis-eiriolaeth-annibynnol\/\" target=\"_self\" title=\"Blog: Myfyrdod ar y r\u00f4l y mae hawliau dynol yn ei chwarae mewn practis eiriolaeth annibynnol\" rel=\"noopener\">\n\t\t\t\t<img decoding=\"async\" src=\"http:\/\/ascymru.org.uk\/wp-content\/uploads\/2023\/06\/image-26.jpeg\" alt=\"\" \/>\n\t\t\t\t<\/a>\n\t\t\t\t\t\t<h3>\n\t\t\t\t<a href=https:\/\/ascymru.org.uk\/cy\/blog-myfyrdod-ar-y-rol-y-mae-hawliau-dynol-yn-ei-chwarae-mewn-practis-eiriolaeth-annibynnol\/ title=\"Blog: Myfyrdod ar y r\u00f4l y mae hawliau dynol yn ei chwarae mewn practis eiriolaeth annibynnol\" tabindex=\"0\">Blog: Myfyrdod ar y r\u00f4l y mae hawliau dynol yn ei chwarae mewn practis eiriolaeth annibynnol<\/a>\t\t\t<\/h3>\n\t\t\t\t\t\t\t\tSteffan Phillips, Eiriolwr Iechyd Meddwl Cymunedol ac Annibynnol gyda Chymorth Eiriolaeth Cymru, Abertawe Deuthum i eiriolaeth annibynnol trwy fod yn &#8230;\n<h2>\n\t\tDilynwch Ni\n\t<\/h2>\n<h2>\n\t\tCysylltwch \u00e2 Ni\n\t<\/h2>\n\t<p>Cymorth Eiriolaeth Cymru (ASC)<\/p>\n<strong>Prif Swyddfa:<\/strong><br \/>\nCharterhouse 1, Parc Busnes Links, Ffordd Fortran<br \/>\nLlaneirwg, Caerdydd<br \/>\nCF3 0LT\nSingleton House, Charter Court, Phoenix Way<br \/>\nParc Anturiaeth Abertawe, Abertawe<br \/>\nSA7 9DD\nFf\u00f4n: <strong><a href=\"tel:02920540444\" target=\"_blank\" rel=\"noopener\">029 2054 0444<\/a><\/strong><br \/>\nFfacs: <strong>029 2073 5620<\/strong><br \/>\nE-bost: <strong><a href=\"mailto:info@ascymru.org.uk\" target=\"_blank\" rel=\"noopener\">info@ascymru.org.uk<\/a><\/strong>\n\n","protected":false},"excerpt":{"rendered":"<p>Cysylltu \u00e2 ni Cysylltu \u00e2 Ni Prif Swyddfa: Charterhouse 1 Parc Busnes Links Ffordd Fortran Llaneirwg Caerdydd CF3 0LT Ty Singleton Llys Siarter Ffordd Ffenics Parc Menter Abertawe Abertawe, SA7 9DD Ff\u00f4n: 029 2054 0444 Ffacs: 029 2073 5620 E-bost: info@ascymru.org.uk Ddim yn si\u0175r pa wasanaeth sy&#8217;n iawn i chi? Bydd ein siart lif Llwybr&hellip;<\/p>\n","protected":false},"author":1,"featured_media":0,"parent":0,"menu_order":0,"comment_status":"closed","ping_status":"closed","template":"","meta":{"inline_featured_image":false,"footnotes":""},"class_list":["post-474","page","type-page","status-publish","hentry"],"yoast_head":"<!-- This site is optimized with the Yoast SEO plugin v26.6 - https:\/\/yoast.com\/wordpress\/plugins\/seo\/ -->\n<title>Cysylltu \u00e2 Ni - AS Cymru<\/title>\n<meta name=\"robots\" content=\"index, follow, max-snippet:-1, max-image-preview:large, max-video-preview:-1\" \/>\n<link rel=\"canonical\" href=\"https:\/\/ascymru.org.uk\/contact-us\/\" \/>\n<meta property=\"og:locale\" content=\"cy_GB\" \/>\n<meta property=\"og:type\" content=\"article\" \/>\n<meta property=\"og:title\" content=\"Cysylltu \u00e2 Ni - AS Cymru\" \/>\n<meta property=\"og:description\" content=\"Cysylltu \u00e2 ni Cysylltu \u00e2 Ni Prif Swyddfa: Charterhouse 1 Parc Busnes Links Ffordd Fortran Llaneirwg Caerdydd CF3 0LT Ty Singleton Llys Siarter Ffordd Ffenics Parc Menter Abertawe Abertawe, SA7 9DD Ff\u00f4n: 029 2054 0444 Ffacs: 029 2073 5620 E-bost: info@ascymru.org.uk Ddim yn si\u0175r pa wasanaeth sy&#8217;n iawn i chi? Bydd ein siart lif Llwybr&hellip;\" \/>\n<meta property=\"og:url\" content=\"https:\/\/ascymru.org.uk\/contact-us\/\" \/>\n<meta property=\"og:site_name\" content=\"AS Cymru\" \/>\n<meta property=\"article:modified_time\" content=\"2023-08-02T13:48:34+00:00\" \/>\n<meta property=\"og:image\" content=\"http:\/\/ascymru.org.uk\/wp-content\/uploads\/2023\/06\/775545a6f8c65823f427890054c093ba.jpeg\" \/>\n<meta name=\"twitter:card\" content=\"summary_large_image\" \/>\n<meta name=\"twitter:label1\" content=\"Est. reading time\" \/>\n\t<meta name=\"twitter:data1\" content=\"1 minute\" \/>\n<script type=\"application\/ld+json\" class=\"yoast-schema-graph\">{\"@context\":\"https:\/\/schema.org\",\"@graph\":[{\"@type\":\"WebPage\",\"@id\":\"https:\/\/ascymru.org.uk\/contact-us\/\",\"url\":\"https:\/\/ascymru.org.uk\/contact-us\/\",\"name\":\"Cysylltu \u00e2 Ni - AS Cymru\",\"isPartOf\":{\"@id\":\"https:\/\/ascymru.org.uk\/#website\"},\"primaryImageOfPage\":{\"@id\":\"https:\/\/ascymru.org.uk\/contact-us\/#primaryimage\"},\"image\":{\"@id\":\"https:\/\/ascymru.org.uk\/contact-us\/#primaryimage\"},\"thumbnailUrl\":\"http:\/\/ascymru.org.uk\/wp-content\/uploads\/2023\/06\/775545a6f8c65823f427890054c093ba.jpeg\",\"datePublished\":\"2023-05-23T08:46:10+00:00\",\"dateModified\":\"2023-08-02T13:48:34+00:00\",\"breadcrumb\":{\"@id\":\"https:\/\/ascymru.org.uk\/contact-us\/#breadcrumb\"},\"inLanguage\":\"cy-GB\",\"potentialAction\":[{\"@type\":\"ReadAction\",\"target\":[\"https:\/\/ascymru.org.uk\/contact-us\/\"]}]},{\"@type\":\"ImageObject\",\"inLanguage\":\"cy-GB\",\"@id\":\"https:\/\/ascymru.org.uk\/contact-us\/#primaryimage\",\"url\":\"http:\/\/ascymru.org.uk\/wp-content\/uploads\/2023\/06\/775545a6f8c65823f427890054c093ba.jpeg\",\"contentUrl\":\"http:\/\/ascymru.org.uk\/wp-content\/uploads\/2023\/06\/775545a6f8c65823f427890054c093ba.jpeg\"},{\"@type\":\"BreadcrumbList\",\"@id\":\"https:\/\/ascymru.org.uk\/contact-us\/#breadcrumb\",\"itemListElement\":[{\"@type\":\"ListItem\",\"position\":1,\"name\":\"Home\",\"item\":\"https:\/\/ascymru.org.uk\/cy\/\"},{\"@type\":\"ListItem\",\"position\":2,\"name\":\"Cysylltu \u00e2 Ni\"}]},{\"@type\":\"WebSite\",\"@id\":\"https:\/\/ascymru.org.uk\/#website\",\"url\":\"https:\/\/ascymru.org.uk\/\",\"name\":\"AS Cymru\",\"description\":\"\",\"potentialAction\":[{\"@type\":\"SearchAction\",\"target\":{\"@type\":\"EntryPoint\",\"urlTemplate\":\"https:\/\/ascymru.org.uk\/?s={search_term_string}\"},\"query-input\":{\"@type\":\"PropertyValueSpecification\",\"valueRequired\":true,\"valueName\":\"search_term_string\"}}],\"inLanguage\":\"cy-GB\"}]}<\/script>\n<!-- \/ Yoast SEO plugin. -->","yoast_head_json":{"title":"Cysylltu \u00e2 Ni - AS Cymru","robots":{"index":"index","follow":"follow","max-snippet":"max-snippet:-1","max-image-preview":"max-image-preview:large","max-video-preview":"max-video-preview:-1"},"canonical":"https:\/\/ascymru.org.uk\/contact-us\/","og_locale":"cy_GB","og_type":"article","og_title":"Cysylltu \u00e2 Ni - AS Cymru","og_description":"Cysylltu \u00e2 ni Cysylltu \u00e2 Ni Prif Swyddfa: Charterhouse 1 Parc Busnes Links Ffordd Fortran Llaneirwg Caerdydd CF3 0LT Ty Singleton Llys Siarter Ffordd Ffenics Parc Menter Abertawe Abertawe, SA7 9DD Ff\u00f4n: 029 2054 0444 Ffacs: 029 2073 5620 E-bost: info@ascymru.org.uk Ddim yn si\u0175r pa wasanaeth sy&#8217;n iawn i chi? Bydd ein siart lif Llwybr&hellip;","og_url":"https:\/\/ascymru.org.uk\/contact-us\/","og_site_name":"AS Cymru","article_modified_time":"2023-08-02T13:48:34+00:00","og_image":[{"url":"http:\/\/ascymru.org.uk\/wp-content\/uploads\/2023\/06\/775545a6f8c65823f427890054c093ba.jpeg","type":"","width":"","height":""}],"twitter_card":"summary_large_image","twitter_misc":{"Est. reading time":"1 minute"},"schema":{"@context":"https:\/\/schema.org","@graph":[{"@type":"WebPage","@id":"https:\/\/ascymru.org.uk\/contact-us\/","url":"https:\/\/ascymru.org.uk\/contact-us\/","name":"Cysylltu \u00e2 Ni - AS Cymru","isPartOf":{"@id":"https:\/\/ascymru.org.uk\/#website"},"primaryImageOfPage":{"@id":"https:\/\/ascymru.org.uk\/contact-us\/#primaryimage"},"image":{"@id":"https:\/\/ascymru.org.uk\/contact-us\/#primaryimage"},"thumbnailUrl":"http:\/\/ascymru.org.uk\/wp-content\/uploads\/2023\/06\/775545a6f8c65823f427890054c093ba.jpeg","datePublished":"2023-05-23T08:46:10+00:00","dateModified":"2023-08-02T13:48:34+00:00","breadcrumb":{"@id":"https:\/\/ascymru.org.uk\/contact-us\/#breadcrumb"},"inLanguage":"cy-GB","potentialAction":[{"@type":"ReadAction","target":["https:\/\/ascymru.org.uk\/contact-us\/"]}]},{"@type":"ImageObject","inLanguage":"cy-GB","@id":"https:\/\/ascymru.org.uk\/contact-us\/#primaryimage","url":"http:\/\/ascymru.org.uk\/wp-content\/uploads\/2023\/06\/775545a6f8c65823f427890054c093ba.jpeg","contentUrl":"http:\/\/ascymru.org.uk\/wp-content\/uploads\/2023\/06\/775545a6f8c65823f427890054c093ba.jpeg"},{"@type":"BreadcrumbList","@id":"https:\/\/ascymru.org.uk\/contact-us\/#breadcrumb","itemListElement":[{"@type":"ListItem","position":1,"name":"Home","item":"https:\/\/ascymru.org.uk\/cy\/"},{"@type":"ListItem","position":2,"name":"Cysylltu \u00e2 Ni"}]},{"@type":"WebSite","@id":"https:\/\/ascymru.org.uk\/#website","url":"https:\/\/ascymru.org.uk\/","name":"AS Cymru","description":"","potentialAction":[{"@type":"SearchAction","target":{"@type":"EntryPoint","urlTemplate":"https:\/\/ascymru.org.uk\/?s={search_term_string}"},"query-input":{"@type":"PropertyValueSpecification","valueRequired":true,"valueName":"search_term_string"}}],"inLanguage":"cy-GB"}]}},"_links":{"self":[{"href":"https:\/\/ascymru.org.uk\/cy\/wp-json\/wp\/v2\/pages\/474","targetHints":{"allow":["GET"]}}],"collection":[{"href":"https:\/\/ascymru.org.uk\/cy\/wp-json\/wp\/v2\/pages"}],"about":[{"href":"https:\/\/ascymru.org.uk\/cy\/wp-json\/wp\/v2\/types\/page"}],"author":[{"embeddable":true,"href":"https:\/\/ascymru.org.uk\/cy\/wp-json\/wp\/v2\/users\/1"}],"replies":[{"embeddable":true,"href":"https:\/\/ascymru.org.uk\/cy\/wp-json\/wp\/v2\/comments?post=474"}],"version-history":[{"count":5,"href":"https:\/\/ascymru.org.uk\/cy\/wp-json\/wp\/v2\/pages\/474\/revisions"}],"predecessor-version":[{"id":1133,"href":"https:\/\/ascymru.org.uk\/cy\/wp-json\/wp\/v2\/pages\/474\/revisions\/1133"}],"wp:attachment":[{"href":"https:\/\/ascymru.org.uk\/cy\/wp-json\/wp\/v2\/media?parent=474"}],"curies":[{"name":"wp","href":"https:\/\/api.w.org\/{rel}","templated":true}]}}