{"id":488,"date":"2023-05-23T09:45:10","date_gmt":"2023-05-23T08:45:10","guid":{"rendered":"https:\/\/ascymru.org.uk\/ynghylch\/"},"modified":"2025-06-30T14:48:58","modified_gmt":"2025-06-30T13:48:58","slug":"ynghylch","status":"publish","type":"page","link":"https:\/\/ascymru.org.uk\/cy\/ynghylch\/","title":{"rendered":"Ynghylch"},"content":{"rendered":"\n<h2>\n\t\tPwy ydym ni\n\t<\/h2>\n\t<p>Mae Cefnogaeth Eiriolaeth Cymru (ASC) yn elusen gofrestredig wedi&#8217;i lleoli yng Nghymru, gyda swyddfeydd yng Nghaerdydd ac Abertawe. Yn 2012, daeth yn gorfforedig fel Cwmni Cyfyngedig trwy Warant gydag Amcanion Elusennol ac fe gymerodd gyfrifoldeb dros holl gytundebau a gwasanaethau ei ragflaenydd, Eiriolaeth Iechyd Meddwl De Cymru (SWMHA).<\/p>\n<p>Am ragor o wybodaeth ar hanes 20-mlynedd ASC ac esblygiad ei wasanaethau, cliciwch ar y ddolen isod.<\/p>\n<p>&nbsp;<\/p>\n\t\t\t<a href=\"http:\/\/ascymru.org.uk\/about\/the-history-of-asc\/\" target=\"_blank\" rel=\"noopener\">\n\t\t\t\t\t\tHanes ASC\n\t\t\t\t\t<\/a>\n\t\t\t\t<img loading=\"lazy\" decoding=\"async\" src=\"http:\/\/ascymru.org.uk\/wp-content\/uploads\/2023\/07\/image.png\" alt=\"image\" itemprop=\"image\" height=\"561\" width=\"484\" title=\"image\" onerror=\"this.style.display='none'\"  \/>\n<h2>\n\t\tMae eiriolaeth yn hanfodol bwysig.\n\t<\/h2>\n\tMae eiriolaeth yn ceisio rhoi llais i bobl na allant sicrhau eu bod yn cael eu clywed, yn aml mewn sefyllfaoedd a all fod yn ddryslyd neu&#8217;n llethol. Mae eiriolaeth yn helpu i sicrhau bod pobl yn cymryd cymaint o ran ag y gallant fod yn y pethau sy&#8217;n effeithio arnynt ac yn gallu cyfleu eu hanghenion a&#8217;u dymuniadau i eraill a allai fod \u00e2 dylanwad neu bwer dros eu bywydau.\n<p>Gyda 20 mlynedd o brofiad, mae ASC yn wasanaeth eiriolaeth a barchir ac a ymddiriedir sydd dro ar \u00f4l tro&#8217;n cyflwyno eiriolaeth amhrisiadwy i&#8217;r sawl mewn angen iechyd meddwl. Mae gennym d\u00eem mawr o eiriolwyr profiadol, uwch d\u00eem rheoli a staff cymorth amhrisiadwy, sy&#8217;n ein galluogi i ddarparu eiriolaeth ar draws mwyafrif De Cymru.<\/p>\n<p>&nbsp;<\/p>\n\t\t\t\t<img decoding=\"async\" src=\"http:\/\/ascymru.org.uk\/wp-content\/uploads\/2023\/05\/9c858352163464ad492e1c1fac80c2f7.png\" alt=\"9c858352163464ad492e1c1fac80c2f7\" itemprop=\"image\" title=\"9c858352163464ad492e1c1fac80c2f7\" onerror=\"this.style.display='none'\"  \/>\n<h2>\n\t\tEin Gweledigaeth\n\t<\/h2>\n\t<p>Ein <strong>Gweledigaeth <\/strong>yw darparu Eiriolaeth Annibynnol o&#8217;r safon uchaf yn gyson.<\/p>\n<p>Ein <strong>ffocws\u00a0<\/strong>yw gwerthfawrogi, cefnogi a gweithio gyda phobl y mae angen eu clywed er mwyn hyrwyddo cynhwysiant cymdeithasol, cydraddoleb a chyfiawnder cymdeithasol.<\/p>\n<p>&nbsp;<\/p>\n<h2>\n\t\tEin Heiriolwyr\n\t<\/h2>\n\t<p>Daw ein heiriolwyr o amrediad o gefndiroedd proffesiynol ac fe&#8217;u penodwyd gan eu bod wedi dangos profiad a \/ neu hyfforddiant priodol a chadarn, yn ogystal ag ymrwymiad at\u00a0<strong><a href=\"http:\/\/ascymru.org.uk\/wp-content\/uploads\/2023\/05\/Advocacy-Charter-A3.pdf\" target=\"_blank\" rel=\"noopener\">egwyddorion Eiriolaeth Annibynnol<\/a><\/strong> .<\/p>\n<p>Mae pob un o&#8217;n heiriolwyr yn cael gwiriadau manylach y Gwasanaeth Datgelu a Gwahardd (DBS), proses ymsefydlu cynhwysfawr a hyfforddiant a datblygiad personol parhaus. Mae nifer o&#8217;r t\u00eem eirioli wedi llwyddo cwblhau\u00a0<strong><a href=\"https:\/\/www.cityandguilds.com\/qualifications-and-apprenticeships\/health-and-social-care\/care\/3610-independent-advocacy#tab=information\" target=\"_blank\" rel=\"noopener\">Tystysgrif City &amp; Guilds mewn Eiriolaeth Annibynnol<\/a><\/strong>. Mae&#8217;r sawl sydd heb yn gweithio tuag at wneud.<\/p>\n<h2>\n\t\tEin Hymagwedd\n\t<\/h2>\n\t<p>Fel sefydliad, rydym yn falch o fod wedi cyflawni&#8217;r <strong><a>Marc Ansawdd Perfformiad Eiriolaeth<\/a><\/strong> sy&#8217;n dangos safon uchel ein darpariaeth eiriolaeth. Mae ASC yn darparu eiriolaeth yn unol ag egwyddorion arweiniol y\u00a0<strong><a target=\"_blank\" rel=\"noopener\">Siarter Eiriolaeth.<\/a><\/strong><\/p>\n<p>Golyga hynny na fod ein heiriolwyr yn rhoi cyngor, yn cynnig cwnsela, yn darparu cyfryngiad neu&#8217;n bod yn gyfaill. Mae hefyd yn golygu ni fyddant yn beirniadu dymuniadau&#8217;r sawl maen nhw&#8217;n eu cefnogi neu&#8217;n ceisio eich perswadio i ddilyn ffordd benodol o weithredu. Ble bynnag fo&#8217;n bosib, bydd eiriolwyr yn gwrando ar farn a dymuniadau&#8217;r unigolyn ac yn gweithredu ar eu cyfarwyddiadau, h.y. dilyn y ffordd o weithredu y mae&#8217;r unigolyn yn gofyn am.<\/p>\n<p>Mae eiriolwyr yn darparu gwybodaeth i bobl i&#8217;w helpu i ddeall pa opsiynau sydd ar gael, ond nid ydynt yn penderfynu neu&#8217;n cynghori pa un i ddewis.<\/p>\n<p>&nbsp;<\/p>\n\t<p>Ymhlith rhai o&#8217;r ffyrdd mae&#8217;n Heiriolwyr yn gallu helpu mae:<\/p>\n<ul>\n<li>Darparu gwybodaeth i helpu pobl ddeall eu dewisiadau a&#8217;r sefyllfa maen nhw ynddi ar hyn o bryd<\/li>\n<li>Esbonio hawliau cyfreithiol<\/li>\n<li>Helpu pobl paratoi beth maen nhw eisiau dweud i&#8217;r sawl sy&#8217;n gwneud penderfyniadau<\/li>\n<li>Siarad ar ran y cleient, os mai dyna ei dymuniad<\/li>\n<li>Cynrychioli a chefnogi pobl mewn cyfarfodydd anodd<\/li>\n<li>Cynnig cefnogaeth wrth wneud cwynion<\/li>\n<li>Rhoi cymorth wrth gael mynediad at gofnodion<\/li>\n<li>Cynnig cynrychiolaeth mewn apeliadau<\/li>\n<li>Cyfeirio at eraill y gallai fod yn gallu helpu<\/li>\n<\/ul>\n<p>&nbsp;<\/p>\n<h2>\n\t\tEiriolaeth heb gyfarwyddyd\n\t<\/h2>\n<p>Ar gyfer rhan helaeth o&#8217;n gwaith, rydym yn cymryd cyfarwyddiadau o&#8217;r cleient. Weithiau, gall bobl gael anhawster yn deall beth yw&#8217;r r\u00f4l eiriolaeth a \/ neu fethu \u00e2 chyfathrebu eu dymuniadau a chyfarwyddiadau. <\/p>\n<p>Fel arfer, y bobl hyn yw&#8217;r mwyaf bregus a&#8217;r mwyaf agored i gael eu dymuniadau wedi&#8217;u hanwybyddu neu eu hesgeuluso, ond mae ganddynt yr un hawliau \u00e2 phawb arall.<\/p>\n<p>Yn y sefyllfa hon, mae ein Heiriolwyr yn gallu defnyddio ymagwedd o eiriolaeth heb gyfarwyddyd. Mae\u00a0<strong><a href=\"http:\/\/ascymru.org.uk\/wp-content\/uploads\/2023\/05\/summary-of-approaches-to-non-instructed-advocacy.pdf\" target=\"_blank\" rel=\"noopener\">nifer o ddulliau eiriolaeth heb gyfarwyddyd<\/a><\/strong> wedi cael eu defnyddio&#8217;n llwyddiannus.<\/p>\n<p>Mae pob ymagwedd yn anelu at sicrhau bod yr unigolyn yn ganolog i bob trafodaeth a bod penderfyniadau&#8217;n cael eu gwneud gan gymryd dymuniadau&#8217;r unigolyn, os ydynt yn hysbys, i ystyriaeth.<\/p>\n\t<p>Er y byddem yn hoffi i&#8217;n heiriolaeth fod ar gael i gymaint o bobl \u00e2 phosib, mae gan ein gwasanaethau gyfyngiadau penodol sy&#8217;n ein hatal rhag gweithio gyda phawb sydd eisiau neu angen eiriolwr.<\/p>\n<p>Ffoniwch ni ar <strong><a href=\"tel:02920540444\" target=\"_blank\" rel=\"noopener\">029 2054 0444<\/a><\/strong> a byddwn yn hapus i ddweud wrthych a ydych yn gymwys ai beidio.<\/p>\n<h2>\n\t\tNewyddion Diweddaraf\n\t<\/h2>\n\t\t\t\t\t\t\t\t\t\t\t\t\t\t<a href=\"https:\/\/ascymru.org.uk\/cy\/blwyddyn-newydd-2023-gwasanaeth-newydd-cyflwyno-eiriolaeth-arbenigol-i-bobl-ag-anableddau-dysgu-a-neu-awtistiaeth-6\/\" target=\"_self\" title=\"Blwyddyn Newydd 2023, Gwasanaeth Newydd &#8211; Cyflwyno Eiriolaeth Arbenigol i Bobl ag Anableddau Dysgu a\/neu Awtistiaeth\" rel=\"noopener\">\n\t\t\t\t<img decoding=\"async\" src=\"http:\/\/ascymru.org.uk\/wp-content\/uploads\/2023\/06\/775545a6f8c65823f427890054c093ba.jpeg\" alt=\"\" \/>\n\t\t\t\t<\/a>\n\t\t\t\t\t\t<h3>\n\t\t\t\t<a href=https:\/\/ascymru.org.uk\/cy\/blwyddyn-newydd-2023-gwasanaeth-newydd-cyflwyno-eiriolaeth-arbenigol-i-bobl-ag-anableddau-dysgu-a-neu-awtistiaeth-6\/ title=\"Blwyddyn Newydd 2023, Gwasanaeth Newydd &#8211; Cyflwyno Eiriolaeth Arbenigol i Bobl ag Anableddau Dysgu a\/neu Awtistiaeth\" tabindex=\"0\">Blwyddyn Newydd 2023, Gwasanaeth Newydd &#8211; Cyflwyno Eiriolaeth Arbenigol i Bobl ag Anableddau Dysgu a\/neu Awtistiaeth<\/a>\t\t\t<\/h3>\n\t\t\t\t\t\t\t\tRydyn ni nawr yn gallu derbyn atgyfeiriadau ar gyfer ein Eiriolaeth Arbenigol newydd ar gyfer pobl ag Anableddau Dysgu a\/neu &#8230;\n\t\t\t\t\t\t\t\t\t\t\t\t\t\t<a href=\"https:\/\/ascymru.org.uk\/cy\/blog-myfyrdod-ar-y-rol-y-mae-hawliau-dynol-yn-ei-chwarae-mewn-practis-eiriolaeth-annibynnol\/\" target=\"_self\" title=\"Blog: Myfyrdod ar y r\u00f4l y mae hawliau dynol yn ei chwarae mewn practis eiriolaeth annibynnol\" rel=\"noopener\">\n\t\t\t\t<img decoding=\"async\" src=\"http:\/\/ascymru.org.uk\/wp-content\/uploads\/2023\/06\/image-26.jpeg\" alt=\"\" \/>\n\t\t\t\t<\/a>\n\t\t\t\t\t\t<h3>\n\t\t\t\t<a href=https:\/\/ascymru.org.uk\/cy\/blog-myfyrdod-ar-y-rol-y-mae-hawliau-dynol-yn-ei-chwarae-mewn-practis-eiriolaeth-annibynnol\/ title=\"Blog: Myfyrdod ar y r\u00f4l y mae hawliau dynol yn ei chwarae mewn practis eiriolaeth annibynnol\" tabindex=\"0\">Blog: Myfyrdod ar y r\u00f4l y mae hawliau dynol yn ei chwarae mewn practis eiriolaeth annibynnol<\/a>\t\t\t<\/h3>\n\t\t\t\t\t\t\t\tSteffan Phillips, Eiriolwr Iechyd Meddwl Cymunedol ac Annibynnol gyda Chymorth Eiriolaeth Cymru, Abertawe Deuthum i eiriolaeth annibynnol trwy fod yn &#8230;\n<h2>\n\t\tDilynwch Ni\n\t<\/h2>\n<h2>\n\t\tCysylltwch \u00e2 Ni\n\t<\/h2>\n\t<p>Cymorth Eiriolaeth Cymru (ASC)<\/p>\n<strong>Prif Swyddfa:<\/strong><br \/>\nCharterhouse 1, Parc Busnes Links, Ffordd Fortran<br \/>\nLlaneirwg, Caerdydd<br \/>\nCF3 0LT\nSingleton House, Charter Court, Phoenix Way<br \/>\nParc Anturiaeth Abertawe, Abertawe<br \/>\nSA7 9DD\nFf\u00f4n: <strong><a href=\"tel:02920540444\" target=\"_blank\" rel=\"noopener\">029 2054 0444<\/a><\/strong><br \/>\nFfacs: <strong>029 2073 5620<\/strong><br \/>\nE-bost: <strong><a href=\"mailto:info@ascymru.org.uk\" target=\"_blank\" rel=\"noopener\">info@ascymru.org.uk<\/a><\/strong>\n\n","protected":false},"excerpt":{"rendered":"<p>Pwy ydym ni Mae Cefnogaeth Eiriolaeth Cymru (ASC) yn elusen gofrestredig wedi&#8217;i lleoli yng Nghymru, gyda swyddfeydd yng Nghaerdydd ac Abertawe. Yn 2012, daeth yn gorfforedig fel Cwmni Cyfyngedig trwy Warant gydag Amcanion Elusennol ac fe gymerodd gyfrifoldeb dros holl gytundebau a gwasanaethau ei ragflaenydd, Eiriolaeth Iechyd Meddwl De Cymru (SWMHA). Am ragor o wybodaeth&hellip;<\/p>\n","protected":false},"author":1,"featured_media":0,"parent":0,"menu_order":0,"comment_status":"closed","ping_status":"closed","template":"","meta":{"inline_featured_image":false,"footnotes":""},"class_list":["post-488","page","type-page","status-publish","hentry"],"yoast_head":"<!-- This site is optimized with the Yoast SEO plugin v26.6 - https:\/\/yoast.com\/wordpress\/plugins\/seo\/ -->\n<title>Ynghylch - AS Cymru<\/title>\n<meta name=\"robots\" content=\"index, follow, max-snippet:-1, max-image-preview:large, max-video-preview:-1\" \/>\n<link rel=\"canonical\" href=\"https:\/\/ascymru.org.uk\/cy\/ynghylch\/\" \/>\n<meta property=\"og:locale\" content=\"cy_GB\" \/>\n<meta property=\"og:type\" content=\"article\" \/>\n<meta property=\"og:title\" content=\"Ynghylch - AS Cymru\" \/>\n<meta property=\"og:description\" content=\"Pwy ydym ni Mae Cefnogaeth Eiriolaeth Cymru (ASC) yn elusen gofrestredig wedi&#8217;i lleoli yng Nghymru, gyda swyddfeydd yng Nghaerdydd ac Abertawe. Yn 2012, daeth yn gorfforedig fel Cwmni Cyfyngedig trwy Warant gydag Amcanion Elusennol ac fe gymerodd gyfrifoldeb dros holl gytundebau a gwasanaethau ei ragflaenydd, Eiriolaeth Iechyd Meddwl De Cymru (SWMHA). Am ragor o wybodaeth&hellip;\" \/>\n<meta property=\"og:url\" content=\"https:\/\/ascymru.org.uk\/cy\/ynghylch\/\" \/>\n<meta property=\"og:site_name\" content=\"AS Cymru\" \/>\n<meta property=\"article:modified_time\" content=\"2025-06-30T13:48:58+00:00\" \/>\n<meta property=\"og:image\" content=\"http:\/\/ascymru.org.uk\/wp-content\/uploads\/2023\/07\/image.png\" \/>\n<meta name=\"twitter:card\" content=\"summary_large_image\" \/>\n<meta name=\"twitter:label1\" content=\"Est. reading time\" \/>\n\t<meta name=\"twitter:data1\" content=\"4 minutes\" \/>\n<script type=\"application\/ld+json\" class=\"yoast-schema-graph\">{\"@context\":\"https:\/\/schema.org\",\"@graph\":[{\"@type\":\"WebPage\",\"@id\":\"https:\/\/ascymru.org.uk\/cy\/ynghylch\/\",\"url\":\"https:\/\/ascymru.org.uk\/cy\/ynghylch\/\",\"name\":\"Ynghylch - AS Cymru\",\"isPartOf\":{\"@id\":\"https:\/\/ascymru.org.uk\/#website\"},\"primaryImageOfPage\":{\"@id\":\"https:\/\/ascymru.org.uk\/cy\/ynghylch\/#primaryimage\"},\"image\":{\"@id\":\"https:\/\/ascymru.org.uk\/cy\/ynghylch\/#primaryimage\"},\"thumbnailUrl\":\"http:\/\/ascymru.org.uk\/wp-content\/uploads\/2023\/07\/image.png\",\"datePublished\":\"2023-05-23T08:45:10+00:00\",\"dateModified\":\"2025-06-30T13:48:58+00:00\",\"breadcrumb\":{\"@id\":\"https:\/\/ascymru.org.uk\/cy\/ynghylch\/#breadcrumb\"},\"inLanguage\":\"cy-GB\",\"potentialAction\":[{\"@type\":\"ReadAction\",\"target\":[\"https:\/\/ascymru.org.uk\/cy\/ynghylch\/\"]}]},{\"@type\":\"ImageObject\",\"inLanguage\":\"cy-GB\",\"@id\":\"https:\/\/ascymru.org.uk\/cy\/ynghylch\/#primaryimage\",\"url\":\"http:\/\/ascymru.org.uk\/wp-content\/uploads\/2023\/07\/image.png\",\"contentUrl\":\"http:\/\/ascymru.org.uk\/wp-content\/uploads\/2023\/07\/image.png\"},{\"@type\":\"BreadcrumbList\",\"@id\":\"https:\/\/ascymru.org.uk\/cy\/ynghylch\/#breadcrumb\",\"itemListElement\":[{\"@type\":\"ListItem\",\"position\":1,\"name\":\"Home\",\"item\":\"https:\/\/ascymru.org.uk\/cy\/\"},{\"@type\":\"ListItem\",\"position\":2,\"name\":\"Ynghylch\"}]},{\"@type\":\"WebSite\",\"@id\":\"https:\/\/ascymru.org.uk\/#website\",\"url\":\"https:\/\/ascymru.org.uk\/\",\"name\":\"AS Cymru\",\"description\":\"\",\"potentialAction\":[{\"@type\":\"SearchAction\",\"target\":{\"@type\":\"EntryPoint\",\"urlTemplate\":\"https:\/\/ascymru.org.uk\/?s={search_term_string}\"},\"query-input\":{\"@type\":\"PropertyValueSpecification\",\"valueRequired\":true,\"valueName\":\"search_term_string\"}}],\"inLanguage\":\"cy-GB\"}]}<\/script>\n<!-- \/ Yoast SEO plugin. -->","yoast_head_json":{"title":"Ynghylch - AS Cymru","robots":{"index":"index","follow":"follow","max-snippet":"max-snippet:-1","max-image-preview":"max-image-preview:large","max-video-preview":"max-video-preview:-1"},"canonical":"https:\/\/ascymru.org.uk\/cy\/ynghylch\/","og_locale":"cy_GB","og_type":"article","og_title":"Ynghylch - AS Cymru","og_description":"Pwy ydym ni Mae Cefnogaeth Eiriolaeth Cymru (ASC) yn elusen gofrestredig wedi&#8217;i lleoli yng Nghymru, gyda swyddfeydd yng Nghaerdydd ac Abertawe. Yn 2012, daeth yn gorfforedig fel Cwmni Cyfyngedig trwy Warant gydag Amcanion Elusennol ac fe gymerodd gyfrifoldeb dros holl gytundebau a gwasanaethau ei ragflaenydd, Eiriolaeth Iechyd Meddwl De Cymru (SWMHA). Am ragor o wybodaeth&hellip;","og_url":"https:\/\/ascymru.org.uk\/cy\/ynghylch\/","og_site_name":"AS Cymru","article_modified_time":"2025-06-30T13:48:58+00:00","og_image":[{"url":"http:\/\/ascymru.org.uk\/wp-content\/uploads\/2023\/07\/image.png","type":"","width":"","height":""}],"twitter_card":"summary_large_image","twitter_misc":{"Est. reading time":"4 minutes"},"schema":{"@context":"https:\/\/schema.org","@graph":[{"@type":"WebPage","@id":"https:\/\/ascymru.org.uk\/cy\/ynghylch\/","url":"https:\/\/ascymru.org.uk\/cy\/ynghylch\/","name":"Ynghylch - AS Cymru","isPartOf":{"@id":"https:\/\/ascymru.org.uk\/#website"},"primaryImageOfPage":{"@id":"https:\/\/ascymru.org.uk\/cy\/ynghylch\/#primaryimage"},"image":{"@id":"https:\/\/ascymru.org.uk\/cy\/ynghylch\/#primaryimage"},"thumbnailUrl":"http:\/\/ascymru.org.uk\/wp-content\/uploads\/2023\/07\/image.png","datePublished":"2023-05-23T08:45:10+00:00","dateModified":"2025-06-30T13:48:58+00:00","breadcrumb":{"@id":"https:\/\/ascymru.org.uk\/cy\/ynghylch\/#breadcrumb"},"inLanguage":"cy-GB","potentialAction":[{"@type":"ReadAction","target":["https:\/\/ascymru.org.uk\/cy\/ynghylch\/"]}]},{"@type":"ImageObject","inLanguage":"cy-GB","@id":"https:\/\/ascymru.org.uk\/cy\/ynghylch\/#primaryimage","url":"http:\/\/ascymru.org.uk\/wp-content\/uploads\/2023\/07\/image.png","contentUrl":"http:\/\/ascymru.org.uk\/wp-content\/uploads\/2023\/07\/image.png"},{"@type":"BreadcrumbList","@id":"https:\/\/ascymru.org.uk\/cy\/ynghylch\/#breadcrumb","itemListElement":[{"@type":"ListItem","position":1,"name":"Home","item":"https:\/\/ascymru.org.uk\/cy\/"},{"@type":"ListItem","position":2,"name":"Ynghylch"}]},{"@type":"WebSite","@id":"https:\/\/ascymru.org.uk\/#website","url":"https:\/\/ascymru.org.uk\/","name":"AS Cymru","description":"","potentialAction":[{"@type":"SearchAction","target":{"@type":"EntryPoint","urlTemplate":"https:\/\/ascymru.org.uk\/?s={search_term_string}"},"query-input":{"@type":"PropertyValueSpecification","valueRequired":true,"valueName":"search_term_string"}}],"inLanguage":"cy-GB"}]}},"_links":{"self":[{"href":"https:\/\/ascymru.org.uk\/cy\/wp-json\/wp\/v2\/pages\/488","targetHints":{"allow":["GET"]}}],"collection":[{"href":"https:\/\/ascymru.org.uk\/cy\/wp-json\/wp\/v2\/pages"}],"about":[{"href":"https:\/\/ascymru.org.uk\/cy\/wp-json\/wp\/v2\/types\/page"}],"author":[{"embeddable":true,"href":"https:\/\/ascymru.org.uk\/cy\/wp-json\/wp\/v2\/users\/1"}],"replies":[{"embeddable":true,"href":"https:\/\/ascymru.org.uk\/cy\/wp-json\/wp\/v2\/comments?post=488"}],"version-history":[{"count":4,"href":"https:\/\/ascymru.org.uk\/cy\/wp-json\/wp\/v2\/pages\/488\/revisions"}],"predecessor-version":[{"id":981,"href":"https:\/\/ascymru.org.uk\/cy\/wp-json\/wp\/v2\/pages\/488\/revisions\/981"}],"wp:attachment":[{"href":"https:\/\/ascymru.org.uk\/cy\/wp-json\/wp\/v2\/media?parent=488"}],"curies":[{"name":"wp","href":"https:\/\/api.w.org\/{rel}","templated":true}]}}