{"id":508,"date":"2023-05-31T12:44:56","date_gmt":"2023-05-31T11:44:56","guid":{"rendered":"https:\/\/ascymru.org.uk\/rhoddwch\/ein-haddewid-cefnogwr\/"},"modified":"2023-08-09T09:01:17","modified_gmt":"2023-08-09T08:01:17","slug":"ein-haddewid-cefnogwr","status":"publish","type":"page","link":"https:\/\/ascymru.org.uk\/cy\/rhoddwch\/ein-haddewid-cefnogwr\/","title":{"rendered":"Ein Haddewid Cefnogwr"},"content":{"rendered":"\n<h2>\n\t\tEin Haddewid i Gefnogwyr\n\t<\/h2>\n\t<p>Mae Cefnogaeth Eiriolaeth Cymru (ASC) yn hynod ddiolchgar am y gefnogaeth ffantastig a ddaw gan bobl fel chi. Efallai eich bod chi neu aelod o&#8217;ch teulu \/ ffrind wedi dioddef o broblemau iechyd meddwl ac wedi defnyddio ein gwasanaeth.<\/p>\n<p>Mae trafodaethau yn ymwneud \u00e2 chael gwared \u00e2&#8217;r stigma yn ymwneud ag iechyd meddwl gwael yn amhrisiadwy ac rydym bob tro&#8217;n gwneud popeth gallwn i rymuso&#8217;r sawl \u00e2 phroblemau i gael llais.<\/p>\n<p>Rydym yn rhoi gwerth mawr ar y gefnogaeth a rowch i ni. Efallai eich bod wedi codi arian ar ein rhan, rhoi rhodd yn eich ewyllys, siopa ar-lein neu wedi rhoddi. Diolch i chi am eich cefnogaeth.<\/p>\n\t\t\t\t<img decoding=\"async\" src=\"http:\/\/ascymru.org.uk\/wp-content\/uploads\/2023\/06\/f8396b7351fece4b45e0885a40cfc800.png\" alt=\"f8396b7351fece4b45e0885a40cfc800\" itemprop=\"image\" title=\"f8396b7351fece4b45e0885a40cfc800\" onerror=\"this.style.display='none'\"  \/>\n<h2>\n\t\tEin gohebiaeth \u00e2 chi\n\t<\/h2>\n\t<p>Gobeithiwn y byddwch am glywed mwy am ein gwaith. Byddwch yn gallu dewis sut rydym yn cysylltu \u00e2 chi, ac am beth. Os ydych yn dweud wrthym y byddai&#8217;n well gennych i ni beidio \u00e2 chysylltu \u00e2 chi neu os hoffech i ni gysylltu \u00e2 chi mewn modd penodol, byddwn yn sicrhau ein bod yn talu sylw i hynny.<\/p>\n<p>Wrth gwrs, gallwch newid eich meddwl ar unrhyw adeg o ran beth hoffech ei derbyn gennym. Cofiwch roi gwybod i ni os yw hyn yn digwydd.<\/p>\n<p>&nbsp;<\/p>\n<h2>\n\t\tMae codi arian yn bwysig i ni\n\t<\/h2>\n\t<p>Rydym yn elusen fach ac yn falch iawn o&#8217;r hyn y gallwn ni, yn unigol ac ar y cyd, helpu i&#8217;w gyflawni. Rydym yn adolygu ein harferion codi arian yn gyson i wneud yn si\u0175r eu bod yn briodol ac yn unol \u00e2 deddfwriaeth gyfredol a gofynion y Rheoliadau Diogelu Data Cyffredinol (GDPR).<\/p>\n<p>Bydd eich rhodd, eich rhodd neu&#8217;ch cymynrodd yn cael ei ddefnyddio&#8217;n gyfrifol i sicrhau bod pobl sy&#8217;n profi problemau iechyd meddwl yn cael eu grymuso i leisio&#8217;u barn. Bydd unrhyw gostau gweinyddol yn cael eu cadw mor isel \u00e2 phosibl fel y gallwn wneud y mwyaf o effaith eich rhodd. Byddwn yn ateb unrhyw gwestiwn ynghylch sut y gwariwyd y rhodd.<\/p>\n<h2>\n\t\tAtebolrwydd i chi\n\t<\/h2>\n\t<p>Gallwch gysylltu \u00e2 ni drwy <strong><a href=\"mailto:info@ascymru.org.uk\" rel=\"noopener\" target=\"_blank\">info@ascymru.org.uk<\/a><\/strong> unrhyw bryd gydag adborth neu gyda chwyn os ydych yn anhapus ag unrhyw agwedd ar ein gweithgareddau cyfathrebu neu godi arian. Byddwn yn ymateb cyn gynted ag y gallwn.<\/p>\n<h2>\n\t\tDdim yn si\u0175r pa wasanaeth sy&#8217;n iawn i chi?\n\t<\/h2>\n\t<p>Bydd ein siart lif Llwybr Atgyfeirio yn eich helpu.<\/p>\n\t\t\t<a href=\"http:\/\/ascymru.org.uk\/wp-content\/uploads\/2023\/05\/2020_ASC_A3_Statutory_Referral_Pathway.pdf\" target=\"_blank\" rel=\"noopener\">\n\t\t\t\t\t\t\tCliciwch yma i&#8217;w lawrlwytho\n\t\t\t\t\t<\/a>\n<h2>\n\t\tNewyddion Diweddaraf\n\t<\/h2>\n\t\t\t\t\t\t\t\t\t\t\t\t\t\t<a href=\"https:\/\/ascymru.org.uk\/cy\/blwyddyn-newydd-2023-gwasanaeth-newydd-cyflwyno-eiriolaeth-arbenigol-i-bobl-ag-anableddau-dysgu-a-neu-awtistiaeth-6\/\" target=\"_self\" title=\"Blwyddyn Newydd 2023, Gwasanaeth Newydd &#8211; Cyflwyno Eiriolaeth Arbenigol i Bobl ag Anableddau Dysgu a\/neu Awtistiaeth\" rel=\"noopener\">\n\t\t\t\t<img decoding=\"async\" src=\"http:\/\/ascymru.org.uk\/wp-content\/uploads\/2023\/06\/775545a6f8c65823f427890054c093ba.jpeg\" alt=\"\" \/>\n\t\t\t\t<\/a>\n\t\t\t\t\t\t<h3>\n\t\t\t\t<a href=https:\/\/ascymru.org.uk\/cy\/blwyddyn-newydd-2023-gwasanaeth-newydd-cyflwyno-eiriolaeth-arbenigol-i-bobl-ag-anableddau-dysgu-a-neu-awtistiaeth-6\/ title=\"Blwyddyn Newydd 2023, Gwasanaeth Newydd &#8211; Cyflwyno Eiriolaeth Arbenigol i Bobl ag Anableddau Dysgu a\/neu Awtistiaeth\" tabindex=\"0\">Blwyddyn Newydd 2023, Gwasanaeth Newydd &#8211; Cyflwyno Eiriolaeth Arbenigol i Bobl ag Anableddau Dysgu a\/neu Awtistiaeth<\/a>\t\t\t<\/h3>\n\t\t\t\t\t\t\t\tRydyn ni nawr yn gallu derbyn atgyfeiriadau ar gyfer ein Eiriolaeth Arbenigol newydd ar gyfer pobl ag Anableddau Dysgu a\/neu &#8230;\n\t\t\t\t\t\t\t\t\t\t\t\t\t\t<a href=\"https:\/\/ascymru.org.uk\/cy\/blog-myfyrdod-ar-y-rol-y-mae-hawliau-dynol-yn-ei-chwarae-mewn-practis-eiriolaeth-annibynnol\/\" target=\"_self\" title=\"Blog: Myfyrdod ar y r\u00f4l y mae hawliau dynol yn ei chwarae mewn practis eiriolaeth annibynnol\" rel=\"noopener\">\n\t\t\t\t<img decoding=\"async\" src=\"http:\/\/ascymru.org.uk\/wp-content\/uploads\/2023\/06\/image-26.jpeg\" alt=\"\" \/>\n\t\t\t\t<\/a>\n\t\t\t\t\t\t<h3>\n\t\t\t\t<a href=https:\/\/ascymru.org.uk\/cy\/blog-myfyrdod-ar-y-rol-y-mae-hawliau-dynol-yn-ei-chwarae-mewn-practis-eiriolaeth-annibynnol\/ title=\"Blog: Myfyrdod ar y r\u00f4l y mae hawliau dynol yn ei chwarae mewn practis eiriolaeth annibynnol\" tabindex=\"0\">Blog: Myfyrdod ar y r\u00f4l y mae hawliau dynol yn ei chwarae mewn practis eiriolaeth annibynnol<\/a>\t\t\t<\/h3>\n\t\t\t\t\t\t\t\tSteffan Phillips, Eiriolwr Iechyd Meddwl Cymunedol ac Annibynnol gyda Chymorth Eiriolaeth Cymru, Abertawe Deuthum i eiriolaeth annibynnol trwy fod yn &#8230;\n<h2>\n\t\tDilynwch Ni\n\t<\/h2>\n<h2>\n\t\tCysylltwch \u00e2 Ni\n\t<\/h2>\n\t<p>Cymorth Eiriolaeth Cymru (ASC)<\/p>\n<strong>Prif Swyddfa:<\/strong><br \/>\nCharterhouse 1, Parc Busnes Links, Ffordd Fortran<br \/>\nLlaneirwg, Caerdydd<br \/>\nCF3 0LT\nSingleton House, Charter Court, Phoenix Way<br \/>\nParc Anturiaeth Abertawe, Abertawe<br \/>\nSA7 9DD\nFf\u00f4n: <strong><a href=\"tel:02920540444\" target=\"_blank\" rel=\"noopener\">029 2054 0444<\/a><\/strong><br \/>\nFfacs: <strong>029 2073 5620<\/strong><br \/>\nE-bost: <strong><a href=\"mailto:info@ascymru.org.uk\" target=\"_blank\" rel=\"noopener\">info@ascymru.org.uk<\/a><\/strong>\n\n","protected":false},"excerpt":{"rendered":"<p>Ein Haddewid i Gefnogwyr Mae Cefnogaeth Eiriolaeth Cymru (ASC) yn hynod ddiolchgar am y gefnogaeth ffantastig a ddaw gan bobl fel chi. Efallai eich bod chi neu aelod o&#8217;ch teulu \/ ffrind wedi dioddef o broblemau iechyd meddwl ac wedi defnyddio ein gwasanaeth. Mae trafodaethau yn ymwneud \u00e2 chael gwared \u00e2&#8217;r stigma yn ymwneud ag&hellip;<\/p>\n","protected":false},"author":1,"featured_media":0,"parent":481,"menu_order":0,"comment_status":"closed","ping_status":"closed","template":"","meta":{"inline_featured_image":false,"footnotes":""},"class_list":["post-508","page","type-page","status-publish","hentry"],"yoast_head":"<!-- This site is optimized with the Yoast SEO plugin v26.6 - https:\/\/yoast.com\/wordpress\/plugins\/seo\/ -->\n<title>Ein Haddewid Cefnogwr - AS Cymru<\/title>\n<meta name=\"robots\" content=\"index, follow, max-snippet:-1, max-image-preview:large, max-video-preview:-1\" \/>\n<link rel=\"canonical\" href=\"https:\/\/ascymru.org.uk\/cy\/rhoddwch\/ein-haddewid-cefnogwr\/\" \/>\n<meta property=\"og:locale\" content=\"cy_GB\" \/>\n<meta property=\"og:type\" content=\"article\" \/>\n<meta property=\"og:title\" content=\"Ein Haddewid Cefnogwr - AS Cymru\" \/>\n<meta property=\"og:description\" content=\"Ein Haddewid i Gefnogwyr Mae Cefnogaeth Eiriolaeth Cymru (ASC) yn hynod ddiolchgar am y gefnogaeth ffantastig a ddaw gan bobl fel chi. Efallai eich bod chi neu aelod o&#8217;ch teulu \/ ffrind wedi dioddef o broblemau iechyd meddwl ac wedi defnyddio ein gwasanaeth. Mae trafodaethau yn ymwneud \u00e2 chael gwared \u00e2&#8217;r stigma yn ymwneud ag&hellip;\" \/>\n<meta property=\"og:url\" content=\"https:\/\/ascymru.org.uk\/cy\/rhoddwch\/ein-haddewid-cefnogwr\/\" \/>\n<meta property=\"og:site_name\" content=\"AS Cymru\" \/>\n<meta property=\"article:modified_time\" content=\"2023-08-09T08:01:17+00:00\" \/>\n<meta property=\"og:image\" content=\"http:\/\/ascymru.org.uk\/wp-content\/uploads\/2023\/06\/f8396b7351fece4b45e0885a40cfc800.png\" \/>\n<meta name=\"twitter:card\" content=\"summary_large_image\" \/>\n<meta name=\"twitter:label1\" content=\"Est. reading time\" \/>\n\t<meta name=\"twitter:data1\" content=\"2 minutes\" \/>\n<script type=\"application\/ld+json\" class=\"yoast-schema-graph\">{\"@context\":\"https:\/\/schema.org\",\"@graph\":[{\"@type\":\"WebPage\",\"@id\":\"https:\/\/ascymru.org.uk\/cy\/rhoddwch\/ein-haddewid-cefnogwr\/\",\"url\":\"https:\/\/ascymru.org.uk\/cy\/rhoddwch\/ein-haddewid-cefnogwr\/\",\"name\":\"Ein Haddewid Cefnogwr - AS Cymru\",\"isPartOf\":{\"@id\":\"https:\/\/ascymru.org.uk\/#website\"},\"primaryImageOfPage\":{\"@id\":\"https:\/\/ascymru.org.uk\/cy\/rhoddwch\/ein-haddewid-cefnogwr\/#primaryimage\"},\"image\":{\"@id\":\"https:\/\/ascymru.org.uk\/cy\/rhoddwch\/ein-haddewid-cefnogwr\/#primaryimage\"},\"thumbnailUrl\":\"http:\/\/ascymru.org.uk\/wp-content\/uploads\/2023\/06\/f8396b7351fece4b45e0885a40cfc800.png\",\"datePublished\":\"2023-05-31T11:44:56+00:00\",\"dateModified\":\"2023-08-09T08:01:17+00:00\",\"breadcrumb\":{\"@id\":\"https:\/\/ascymru.org.uk\/cy\/rhoddwch\/ein-haddewid-cefnogwr\/#breadcrumb\"},\"inLanguage\":\"cy-GB\",\"potentialAction\":[{\"@type\":\"ReadAction\",\"target\":[\"https:\/\/ascymru.org.uk\/cy\/rhoddwch\/ein-haddewid-cefnogwr\/\"]}]},{\"@type\":\"ImageObject\",\"inLanguage\":\"cy-GB\",\"@id\":\"https:\/\/ascymru.org.uk\/cy\/rhoddwch\/ein-haddewid-cefnogwr\/#primaryimage\",\"url\":\"http:\/\/ascymru.org.uk\/wp-content\/uploads\/2023\/06\/f8396b7351fece4b45e0885a40cfc800.png\",\"contentUrl\":\"http:\/\/ascymru.org.uk\/wp-content\/uploads\/2023\/06\/f8396b7351fece4b45e0885a40cfc800.png\"},{\"@type\":\"BreadcrumbList\",\"@id\":\"https:\/\/ascymru.org.uk\/cy\/rhoddwch\/ein-haddewid-cefnogwr\/#breadcrumb\",\"itemListElement\":[{\"@type\":\"ListItem\",\"position\":1,\"name\":\"Home\",\"item\":\"https:\/\/ascymru.org.uk\/cy\/\"},{\"@type\":\"ListItem\",\"position\":2,\"name\":\"Rhoddwch\",\"item\":\"https:\/\/ascymru.org.uk\/cy\/rhoddwch\/\"},{\"@type\":\"ListItem\",\"position\":3,\"name\":\"Ein Haddewid Cefnogwr\"}]},{\"@type\":\"WebSite\",\"@id\":\"https:\/\/ascymru.org.uk\/#website\",\"url\":\"https:\/\/ascymru.org.uk\/\",\"name\":\"AS Cymru\",\"description\":\"\",\"potentialAction\":[{\"@type\":\"SearchAction\",\"target\":{\"@type\":\"EntryPoint\",\"urlTemplate\":\"https:\/\/ascymru.org.uk\/?s={search_term_string}\"},\"query-input\":{\"@type\":\"PropertyValueSpecification\",\"valueRequired\":true,\"valueName\":\"search_term_string\"}}],\"inLanguage\":\"cy-GB\"}]}<\/script>\n<!-- \/ Yoast SEO plugin. -->","yoast_head_json":{"title":"Ein Haddewid Cefnogwr - AS Cymru","robots":{"index":"index","follow":"follow","max-snippet":"max-snippet:-1","max-image-preview":"max-image-preview:large","max-video-preview":"max-video-preview:-1"},"canonical":"https:\/\/ascymru.org.uk\/cy\/rhoddwch\/ein-haddewid-cefnogwr\/","og_locale":"cy_GB","og_type":"article","og_title":"Ein Haddewid Cefnogwr - AS Cymru","og_description":"Ein Haddewid i Gefnogwyr Mae Cefnogaeth Eiriolaeth Cymru (ASC) yn hynod ddiolchgar am y gefnogaeth ffantastig a ddaw gan bobl fel chi. Efallai eich bod chi neu aelod o&#8217;ch teulu \/ ffrind wedi dioddef o broblemau iechyd meddwl ac wedi defnyddio ein gwasanaeth. Mae trafodaethau yn ymwneud \u00e2 chael gwared \u00e2&#8217;r stigma yn ymwneud ag&hellip;","og_url":"https:\/\/ascymru.org.uk\/cy\/rhoddwch\/ein-haddewid-cefnogwr\/","og_site_name":"AS Cymru","article_modified_time":"2023-08-09T08:01:17+00:00","og_image":[{"url":"http:\/\/ascymru.org.uk\/wp-content\/uploads\/2023\/06\/f8396b7351fece4b45e0885a40cfc800.png","type":"","width":"","height":""}],"twitter_card":"summary_large_image","twitter_misc":{"Est. reading time":"2 minutes"},"schema":{"@context":"https:\/\/schema.org","@graph":[{"@type":"WebPage","@id":"https:\/\/ascymru.org.uk\/cy\/rhoddwch\/ein-haddewid-cefnogwr\/","url":"https:\/\/ascymru.org.uk\/cy\/rhoddwch\/ein-haddewid-cefnogwr\/","name":"Ein Haddewid Cefnogwr - AS Cymru","isPartOf":{"@id":"https:\/\/ascymru.org.uk\/#website"},"primaryImageOfPage":{"@id":"https:\/\/ascymru.org.uk\/cy\/rhoddwch\/ein-haddewid-cefnogwr\/#primaryimage"},"image":{"@id":"https:\/\/ascymru.org.uk\/cy\/rhoddwch\/ein-haddewid-cefnogwr\/#primaryimage"},"thumbnailUrl":"http:\/\/ascymru.org.uk\/wp-content\/uploads\/2023\/06\/f8396b7351fece4b45e0885a40cfc800.png","datePublished":"2023-05-31T11:44:56+00:00","dateModified":"2023-08-09T08:01:17+00:00","breadcrumb":{"@id":"https:\/\/ascymru.org.uk\/cy\/rhoddwch\/ein-haddewid-cefnogwr\/#breadcrumb"},"inLanguage":"cy-GB","potentialAction":[{"@type":"ReadAction","target":["https:\/\/ascymru.org.uk\/cy\/rhoddwch\/ein-haddewid-cefnogwr\/"]}]},{"@type":"ImageObject","inLanguage":"cy-GB","@id":"https:\/\/ascymru.org.uk\/cy\/rhoddwch\/ein-haddewid-cefnogwr\/#primaryimage","url":"http:\/\/ascymru.org.uk\/wp-content\/uploads\/2023\/06\/f8396b7351fece4b45e0885a40cfc800.png","contentUrl":"http:\/\/ascymru.org.uk\/wp-content\/uploads\/2023\/06\/f8396b7351fece4b45e0885a40cfc800.png"},{"@type":"BreadcrumbList","@id":"https:\/\/ascymru.org.uk\/cy\/rhoddwch\/ein-haddewid-cefnogwr\/#breadcrumb","itemListElement":[{"@type":"ListItem","position":1,"name":"Home","item":"https:\/\/ascymru.org.uk\/cy\/"},{"@type":"ListItem","position":2,"name":"Rhoddwch","item":"https:\/\/ascymru.org.uk\/cy\/rhoddwch\/"},{"@type":"ListItem","position":3,"name":"Ein Haddewid Cefnogwr"}]},{"@type":"WebSite","@id":"https:\/\/ascymru.org.uk\/#website","url":"https:\/\/ascymru.org.uk\/","name":"AS Cymru","description":"","potentialAction":[{"@type":"SearchAction","target":{"@type":"EntryPoint","urlTemplate":"https:\/\/ascymru.org.uk\/?s={search_term_string}"},"query-input":{"@type":"PropertyValueSpecification","valueRequired":true,"valueName":"search_term_string"}}],"inLanguage":"cy-GB"}]}},"_links":{"self":[{"href":"https:\/\/ascymru.org.uk\/cy\/wp-json\/wp\/v2\/pages\/508","targetHints":{"allow":["GET"]}}],"collection":[{"href":"https:\/\/ascymru.org.uk\/cy\/wp-json\/wp\/v2\/pages"}],"about":[{"href":"https:\/\/ascymru.org.uk\/cy\/wp-json\/wp\/v2\/types\/page"}],"author":[{"embeddable":true,"href":"https:\/\/ascymru.org.uk\/cy\/wp-json\/wp\/v2\/users\/1"}],"replies":[{"embeddable":true,"href":"https:\/\/ascymru.org.uk\/cy\/wp-json\/wp\/v2\/comments?post=508"}],"version-history":[{"count":7,"href":"https:\/\/ascymru.org.uk\/cy\/wp-json\/wp\/v2\/pages\/508\/revisions"}],"predecessor-version":[{"id":1152,"href":"https:\/\/ascymru.org.uk\/cy\/wp-json\/wp\/v2\/pages\/508\/revisions\/1152"}],"up":[{"embeddable":true,"href":"https:\/\/ascymru.org.uk\/cy\/wp-json\/wp\/v2\/pages\/481"}],"wp:attachment":[{"href":"https:\/\/ascymru.org.uk\/cy\/wp-json\/wp\/v2\/media?parent=508"}],"curies":[{"name":"wp","href":"https:\/\/api.w.org\/{rel}","templated":true}]}}