{"id":510,"date":"2023-05-31T12:44:15","date_gmt":"2023-05-31T11:44:15","guid":{"rendered":"https:\/\/ascymru.org.uk\/hyfforddiant\/matiau-siarad\/"},"modified":"2025-12-18T13:38:54","modified_gmt":"2025-12-18T13:38:54","slug":"matiau-siarad","status":"publish","type":"page","link":"https:\/\/ascymru.org.uk\/cy\/hyfforddiant\/matiau-siarad\/","title":{"rendered":"Matiau Siarad"},"content":{"rendered":"\n<h2  data-animation-delay=\"0\" data-animation-duration=\"1\">\n\t\t\tTalking Mats\t<\/h2>\n<h3  data-animation-delay=\"0\" data-animation-duration=\"1\">\n\t\t\tCynyddu&#8217;r gallu i gyfathrebu&#8217;n effeithiol am y pethau pwysig.\t<\/h3>\n\t<p>Dull cyfathrebu arloesol, arobryn yw Talking Mats sy&#8217;n seiliedig ar ymchwil helaeth gan Therapyddion Iaith a Lleferydd a nhw hefyd oedd yn gyfrifol am ddylunio&#8217;r dull hwn. Mae&#8217;n fodel sy&#8217;n defnyddio symbolau lluniau unigryw a ddyluniwyd yn arbennig sy&#8217;n ddeniadol i bobl o bob oedran a phob gallu cyfathrebu. Caiff ei defnyddio gan ymarferwyr clinigol, gofalwyr a gweithwyr cefnogaeth mewn amrediad eang o leoliadau iechyd, gwaith cymdeithasol, preswyl ac addysg.<\/p>\n<p><strong>Dyddiad y cwrs nesaf: 12fed Mai a 2il Mehefin 2026<\/strong><\/p>\n\t\t\t\t<img decoding=\"async\" src=\"http:\/\/ascymru.org.uk\/wp-content\/uploads\/2023\/06\/1e1e27fdd97634b5fe019b5f27f395e9.png\" alt=\"1e1e27fdd97634b5fe019b5f27f395e9\" itemprop=\"image\" title=\"1e1e27fdd97634b5fe019b5f27f395e9\" onerror=\"this.style.display='none'\" loading=\"lazy\" \/>\n<h2  data-animation-delay=\"0\" data-animation-duration=\"1\">\n\t\t\tBeth yw Talking Mats?\t<\/h2>\n\t<p>Adnodd rhyngweithiol, nad sy&#8217;n dechnegol, yw Talking Mats sy&#8217;n defnyddio tair set o symbolau i gyfathrebu ar ffurf lluniau &#8211; pynciau, opsiynau a graddfa weledol &#8211; a man lle gellir eu harddangos. Gellir dod o hyd i ragor o wybodaeth ar sut mae Talking Mats yn gweithio trwy\u00a0<strong><a href=\"https:\/\/www.talkingmats.com\/about-talking-mats\/#howitworks\" target=\"_blank\" rel=\"noopener\">glicio yma<\/a><\/strong> .<\/p>\n<h2  data-animation-delay=\"0\" data-animation-duration=\"1\">\n\t\t\tPwy all fynychu cwrs Talking Mats?\t<\/h2>\n\t<p>Fel rheol, ymarferwyr clinigol, gofalwyr a gweithwyr cefnogaeth sy&#8217;n mynychu cwrs Talking Mats. Os yw&#8217;n cael ei defnyddio i ymgysylltu \u00e2 phlant a phobl ifanc, yn cael ei defnyddio fel adnodd i gyfathrebu ar \u00f4l str\u00f4c, neu i oresgyn anawsterau cyfathrebu gyda phobl ag anabledd dysgu neu ddementia, mae symbolau cyfathrebu Talking Mats yn gallu bod yn hynod effeithiol.<\/p>\n<p>Gan ddibynnu ar eich swydd, ar \u00f4l mynychu cwrs Talking Mats, bydd gennych y sgiliau i wneud y canlynol:<\/p>\n<ul>\n<li>Helpu plant ac oedolion i fynegi eu teimladau neu ddewisiadau<\/li>\n<li>Darparu &#8216;offeryn meddwl&#8217; i helpu pobl i archwilio gwahanol faterion a&#8217;u helpu i strwythuro a mynegi eu meddyliau<\/li>\n<li>Galluogi pobl ag anabledd dysgu i ddeall yr hyn a olygir wrth wneud penderfyniad ac yna i roi eu barn<\/li>\n<li>Gwneud hi&#8217;n haws i bobl \u00e2 dementia i lynu at bwnc yn sgil fformat strwythuredig a chyson Talking Mats<\/li>\n<li>Cefnogi pobl gydag anawsterau cyfathrebu i fynegi barn negyddol yn ogystal \u00e2 safbwyntiau cadarnhaol a lleihau&#8217;r tueddiad i gytuno \u00e2 phopeth<\/li>\n<li>Helpu pobl i roi trefn fwy rhesymegol ar eu meddyliau trwy&#8217;r weithred o symud y symbolau o luniau.<\/li>\n<\/ul>\n\t\t\t\t<img decoding=\"async\" src=\"http:\/\/ascymru.org.uk\/wp-content\/uploads\/2023\/06\/bdf5c69609e1f57034cbdccb38efe716.jpeg\" alt=\"bdf5c69609e1f57034cbdccb38efe716\" itemprop=\"image\" title=\"bdf5c69609e1f57034cbdccb38efe716\" onerror=\"this.style.display='none'\" loading=\"lazy\" \/>\n<h2  data-animation-delay=\"0\" data-animation-duration=\"1\">\n\t\t\tBeth yw nodweddion y gweithdy?  \t<\/h2>\n\t<ul>\n<li>Cyflwyniadau a chyfarwyddyd gan hyfforddwr cofrestredig annibynnol Talking Mats. Ar hyn o bryd, ein hyfforddwr yw unig hyfforddwr cofrestredig Talking Mats sy&#8217;n seiliedig yng Nghymru.<\/li>\n<li><strong>Cynhelir gweithdy Talking Mats ar ddau hanner diwrnod dros ddwy wythnos yn olynol.<\/strong> Mae hyn yn rhoi cyfle i gyfranogwyr adlewyrchu a chwblhau gwaith ymarferol rhwng y sesiynau trwy greu cyflwyniad byr i&#8217;w anfon ar-lein i ddangos dealltwriaeth o&#8217;r model.<\/li>\n<li>Offeryn cyfathrebu arloesol, arobryn, nad sy&#8217;n dechnegol o bwrpas er mwyn peidio \u00e2 chodi braw ar y plentyn neu oedolyn sy&#8217;n ei defnyddio.<\/li>\n<li>Sesiynau dysgu hynod ryngweithiol a chyfranogol.<\/li>\n<li>Trafodaethau gr\u0175p i gefnogi ac atgyfnerthu&#8217;r dysgu.<\/li>\n<li>Ymarfer a datblygu sgiliau.<\/li>\n<li>Deunyddiau cyfranogwyr gan gynnwys cwrs-lyfr, set o symbolau, mat a bag. Bydd y cyfranogwyr hefyd yn derbyn tystysgrif ar \u00f4l cwblhau&#8217;r cwrs. I ddarllen mwy am gwrs Talking Mats.<\/li>\n<\/ul>\n<p>I ddarllen mwy am gwrs Talking Mats, <strong><a href=\"https:\/\/www.talkingmats.com\/about-talking-mats\/#howitworks\" target=\"_blank\" rel=\"noopener\">&gt;&gt;cliciwch yma<\/a><\/strong><\/p>\n<h2  data-animation-delay=\"0\" data-animation-duration=\"1\">\n\t\t\tLleoliad a Dyddiadau\t<\/h2>\n\t<p>Cynhelir cyrsiau am ddau hanner diwrnod dros bythefnos yn olynol yn ein hystafell hyfforddi yn Llaneirwg, Caerdydd.\u00a0 \u00a0Y gost yw \u00a3175.00 y person.\u00a0 Mae ein canolfan hyfforddiant yn cynnwys yr holl gyfleusterau disgwyliedig gan gynnwys cegin i baratoi lluniaeth, ystafell ymlacio a nifer o fannau parcio.<\/p>\n<h2  data-animation-delay=\"0\" data-animation-duration=\"1\">\n\t\t\tDyddiadau Cwrs Agored Nesaf:  \t<\/h2>\n\t<p><strong>2026<\/strong><\/p>\n<p>12fed Mai a 2il Mehefin 10am &#8211; 1pm ar y ddau ddiwrnod<\/p>\n<p>8fed a 29ain Medi 10am &#8211; 1pm ar y ddau ddiwrnod<\/p>\n<p><strong>Lleoliad: Swyddfeydd ASC yn Llaneirwg, Caerdydd<\/strong><\/p>\n<p>Pris: <strong>\u00a3200 y person<\/strong>\u00a0(yn cynnwys deunyddiau cwrs a lluniaeth). Ni ddaperir cinio ar y cwrs hwn.<\/p>\n<p>Anfonwch e-bost at <strong><a href=\"mailto:training@ascymru.org.uk\" target=\"_blank\" rel=\"noopener\">training@ascymru.org.uk<\/a><\/strong>\u00a0i gael ragor o wybodaeth am y cwrs poblogaidd hwn ac i gael ffurflen archebu. Bydd eich lle yn cael ei gadarnhau unwaith y derbynnir taliad.<\/p>\n\t<p>Am ragor o fanylion ar sut i fwcio lle neu am ragor o wybodaeth, e-bostiwch <strong><a href=\"mailto:training@ascymru.org.uk?subject=Talking%20Mats%20Enquiry\">training@ascymru.org.uk<\/a> <\/strong>neu ffoniwch ni ar <strong>029 2054 0444<\/strong>.<\/p>\n<p>Gallwn gyflwyno&#8217;r cwrs i gwmn\u00efau unigol ar gais (mae angen o leiaf 8 cyfranogwr pendant ond gellir cadarnhau enwau&#8217;r cyfranogwyr hyn 24 awr cyn dechrau&#8217;r cwrs). Os ydych eisiau bwcio mwy na dau le, anfonwch e-bost atom neu ffoniwch ni ar <strong>029 2054 0444<\/strong> i drafod pa opsiynau sydd ar gael.<\/p>\n<p><strong>SYLWCH: Bydd y cwrs hwn yn cael ei gyflwyno yn Saesneg<\/strong><\/p>\n<h2  data-animation-delay=\"0\" data-animation-duration=\"1\">\n\t\t\tDdim yn si\u0175r pa wasanaeth sy&#8217;n iawn i chi?\t<\/h2>\n\t<p>Bydd ein siart lif Llwybr Atgyfeirio yn eich helpu.<\/p>\n\t\t\t<a href=\"http:\/\/ascymru.org.uk\/wp-content\/uploads\/2023\/05\/2020_ASC_A3_Statutory_Referral_Pathway.pdf\" target=\"_blank\" rel=\"noopener\">\n\t\t\t\t\t\t\tCliciwch yma i&#8217;w lawrlwytho\n\t\t\t\t\t<\/a>\n<h2  data-animation-delay=\"0\" data-animation-duration=\"1\">\n\t\t\tNewyddion Diweddaraf\t<\/h2>\n\t\t\t\t\t\t\t\t\t\t\t\t\t\t<a href=\"https:\/\/ascymru.org.uk\/cy\/bydd-arian-y-loteri-genedlaethol-yn-ehangu-eiriolaeth-arbenigol-cymorth-adfocatiaeth-cymru-i-bobl-ag-anableddau-dysgu-a-neu-awtistiaeth\/\" target=\"_self\" title=\"Bydd arian y Loteri Genedlaethol yn ehangu Eiriolaeth Arbenigol Cymorth Adfocatiaeth Cymru i Bobl ag Anableddau Dysgu a\/neu Awtistiaeth.\">\n\t\t\t\t<img decoding=\"async\" src=\"https:\/\/ascymru.org.uk\/wp-content\/uploads\/2024\/04\/TNL-digital-white-background-2.png\" alt=\"\" \/>\n\t\t\t\t<\/a>\n\t\t\t\t\t\t<h3>\n\t\t\t\t<a href=\"https:\/\/ascymru.org.uk\/cy\/bydd-arian-y-loteri-genedlaethol-yn-ehangu-eiriolaeth-arbenigol-cymorth-adfocatiaeth-cymru-i-bobl-ag-anableddau-dysgu-a-neu-awtistiaeth\/\" title=\"Bydd arian y Loteri Genedlaethol yn ehangu Eiriolaeth Arbenigol Cymorth Adfocatiaeth Cymru i Bobl ag Anableddau Dysgu a\/neu Awtistiaeth.\">Bydd arian y Loteri Genedlaethol yn ehangu Eiriolaeth Arbenigol Cymorth Adfocatiaeth Cymru i Bobl ag Anableddau Dysgu a\/neu Awtistiaeth.<\/a>\t\t\t<\/h3>\n\t\t\t\t\t\t\t\tMae&#8217;n bleser gennym gyhoeddi bod cais am arian gan Gronfa Gymunedol y Loteri Genedlaethol Cymru i gefnogi ein gwasanaeth Anableddau &#8230;\n\t\t\t\t\t\t\t\t\t\t\t\t\t\t<a href=\"https:\/\/ascymru.org.uk\/cy\/mae-rhaglen-defnyddwyr-gwasanaeth-asc-yn-cael-cymorth-ariannol-gan-lywodraeth-cymru\/\" target=\"_self\" title=\"Mae Rhaglen Defnyddwyr Gwasanaeth ASC yn cael cymorth ariannol gan Lywodraeth Cymru\">\n\t\t\t\t<img decoding=\"async\" src=\"https:\/\/ascymru.org.uk\/wp-content\/uploads\/2024\/04\/WG_Landscape.jpg\" alt=\"\" \/>\n\t\t\t\t<\/a>\n\t\t\t\t\t\t<h3>\n\t\t\t\t<a href=\"https:\/\/ascymru.org.uk\/cy\/mae-rhaglen-defnyddwyr-gwasanaeth-asc-yn-cael-cymorth-ariannol-gan-lywodraeth-cymru\/\" title=\"Mae Rhaglen Defnyddwyr Gwasanaeth ASC yn cael cymorth ariannol gan Lywodraeth Cymru\">Mae Rhaglen Defnyddwyr Gwasanaeth ASC yn cael cymorth ariannol gan Lywodraeth Cymru<\/a>\t\t\t<\/h3>\n\t\t\t\t\t\t\t\tRydym yn falch iawn o gyhoeddi bod cais am arian i gefnogi ein Rhaglen Defnyddwyr Gwasanaeth Gyda&#8217;n Gilydd wedi bod &#8230;\n<h2  data-animation-delay=\"0\" data-animation-duration=\"1\">\n\t\t\tDilynwch Ni\t<\/h2>\n<h2  data-animation-delay=\"0\" data-animation-duration=\"1\">\n\t\t\tCysylltwch \u00e2 Ni\t<\/h2>\n\t<p>Cymorth Eiriolaeth Cymru (ASC)<\/p>\n<strong>Prif Swyddfa:<\/strong><br \/>\nCharterhouse 1, Parc Busnes Links, Ffordd Fortran<br \/>\nLlaneirwg, Caerdydd<br \/>\nCF3 0LT\nSingleton House, Charter Court, Phoenix Way<br \/>\nParc Anturiaeth Abertawe, Abertawe<br \/>\nSA7 9DD\nFf\u00f4n: <strong><a href=\"tel:02920540444\" target=\"_blank\" rel=\"noopener\">029 2054 0444<\/a><\/strong><br \/>\nFfacs: <strong>029 2073 5620<\/strong><br \/>\nE-bost: <strong><a href=\"mailto:info@ascymru.org.uk\" target=\"_blank\" rel=\"noopener\">info@ascymru.org.uk<\/a><\/strong>\n\n","protected":false},"excerpt":{"rendered":"<p>Talking Mats Cynyddu&#8217;r gallu i gyfathrebu&#8217;n effeithiol am y pethau pwysig. Dull cyfathrebu arloesol, arobryn yw Talking Mats sy&#8217;n seiliedig ar ymchwil helaeth gan Therapyddion Iaith a Lleferydd a nhw hefyd oedd yn gyfrifol am ddylunio&#8217;r dull hwn. Mae&#8217;n fodel sy&#8217;n defnyddio symbolau lluniau unigryw a ddyluniwyd yn arbennig sy&#8217;n ddeniadol i bobl o bob&hellip;<\/p>\n","protected":false},"author":1,"featured_media":0,"parent":480,"menu_order":0,"comment_status":"closed","ping_status":"closed","template":"","meta":{"inline_featured_image":false,"footnotes":""},"class_list":["post-510","page","type-page","status-publish","hentry"],"yoast_head":"<!-- This site is optimized with the Yoast SEO plugin v26.6 - https:\/\/yoast.com\/wordpress\/plugins\/seo\/ -->\n<title>Matiau Siarad - AS Cymru<\/title>\n<meta name=\"robots\" content=\"index, follow, max-snippet:-1, max-image-preview:large, max-video-preview:-1\" \/>\n<link rel=\"canonical\" href=\"https:\/\/ascymru.org.uk\/cy\/hyfforddiant\/matiau-siarad\/\" \/>\n<meta property=\"og:locale\" content=\"cy_GB\" \/>\n<meta property=\"og:type\" content=\"article\" \/>\n<meta property=\"og:title\" content=\"Matiau Siarad - AS Cymru\" \/>\n<meta property=\"og:description\" content=\"Talking Mats Cynyddu&#8217;r gallu i gyfathrebu&#8217;n effeithiol am y pethau pwysig. Dull cyfathrebu arloesol, arobryn yw Talking Mats sy&#8217;n seiliedig ar ymchwil helaeth gan Therapyddion Iaith a Lleferydd a nhw hefyd oedd yn gyfrifol am ddylunio&#8217;r dull hwn. Mae&#8217;n fodel sy&#8217;n defnyddio symbolau lluniau unigryw a ddyluniwyd yn arbennig sy&#8217;n ddeniadol i bobl o bob&hellip;\" \/>\n<meta property=\"og:url\" content=\"https:\/\/ascymru.org.uk\/cy\/hyfforddiant\/matiau-siarad\/\" \/>\n<meta property=\"og:site_name\" content=\"AS Cymru\" \/>\n<meta property=\"article:modified_time\" content=\"2025-12-18T13:38:54+00:00\" \/>\n<meta property=\"og:image\" content=\"http:\/\/ascymru.org.uk\/wp-content\/uploads\/2023\/06\/1e1e27fdd97634b5fe019b5f27f395e9.png\" \/>\n<meta name=\"twitter:card\" content=\"summary_large_image\" \/>\n<meta name=\"twitter:label1\" content=\"Est. reading time\" \/>\n\t<meta name=\"twitter:data1\" content=\"4 minutes\" \/>\n<script type=\"application\/ld+json\" class=\"yoast-schema-graph\">{\"@context\":\"https:\/\/schema.org\",\"@graph\":[{\"@type\":\"WebPage\",\"@id\":\"https:\/\/ascymru.org.uk\/cy\/hyfforddiant\/matiau-siarad\/\",\"url\":\"https:\/\/ascymru.org.uk\/cy\/hyfforddiant\/matiau-siarad\/\",\"name\":\"Matiau Siarad - AS Cymru\",\"isPartOf\":{\"@id\":\"https:\/\/ascymru.org.uk\/#website\"},\"primaryImageOfPage\":{\"@id\":\"https:\/\/ascymru.org.uk\/cy\/hyfforddiant\/matiau-siarad\/#primaryimage\"},\"image\":{\"@id\":\"https:\/\/ascymru.org.uk\/cy\/hyfforddiant\/matiau-siarad\/#primaryimage\"},\"thumbnailUrl\":\"http:\/\/ascymru.org.uk\/wp-content\/uploads\/2023\/06\/1e1e27fdd97634b5fe019b5f27f395e9.png\",\"datePublished\":\"2023-05-31T11:44:15+00:00\",\"dateModified\":\"2025-12-18T13:38:54+00:00\",\"breadcrumb\":{\"@id\":\"https:\/\/ascymru.org.uk\/cy\/hyfforddiant\/matiau-siarad\/#breadcrumb\"},\"inLanguage\":\"cy-GB\",\"potentialAction\":[{\"@type\":\"ReadAction\",\"target\":[\"https:\/\/ascymru.org.uk\/cy\/hyfforddiant\/matiau-siarad\/\"]}]},{\"@type\":\"ImageObject\",\"inLanguage\":\"cy-GB\",\"@id\":\"https:\/\/ascymru.org.uk\/cy\/hyfforddiant\/matiau-siarad\/#primaryimage\",\"url\":\"http:\/\/ascymru.org.uk\/wp-content\/uploads\/2023\/06\/1e1e27fdd97634b5fe019b5f27f395e9.png\",\"contentUrl\":\"http:\/\/ascymru.org.uk\/wp-content\/uploads\/2023\/06\/1e1e27fdd97634b5fe019b5f27f395e9.png\"},{\"@type\":\"BreadcrumbList\",\"@id\":\"https:\/\/ascymru.org.uk\/cy\/hyfforddiant\/matiau-siarad\/#breadcrumb\",\"itemListElement\":[{\"@type\":\"ListItem\",\"position\":1,\"name\":\"Home\",\"item\":\"https:\/\/ascymru.org.uk\/cy\/\"},{\"@type\":\"ListItem\",\"position\":2,\"name\":\"Hyfforddiant\",\"item\":\"https:\/\/ascymru.org.uk\/training\/\"},{\"@type\":\"ListItem\",\"position\":3,\"name\":\"Matiau Siarad\"}]},{\"@type\":\"WebSite\",\"@id\":\"https:\/\/ascymru.org.uk\/#website\",\"url\":\"https:\/\/ascymru.org.uk\/\",\"name\":\"AS Cymru\",\"description\":\"\",\"potentialAction\":[{\"@type\":\"SearchAction\",\"target\":{\"@type\":\"EntryPoint\",\"urlTemplate\":\"https:\/\/ascymru.org.uk\/?s={search_term_string}\"},\"query-input\":{\"@type\":\"PropertyValueSpecification\",\"valueRequired\":true,\"valueName\":\"search_term_string\"}}],\"inLanguage\":\"cy-GB\"}]}<\/script>\n<!-- \/ Yoast SEO plugin. -->","yoast_head_json":{"title":"Matiau Siarad - AS Cymru","robots":{"index":"index","follow":"follow","max-snippet":"max-snippet:-1","max-image-preview":"max-image-preview:large","max-video-preview":"max-video-preview:-1"},"canonical":"https:\/\/ascymru.org.uk\/cy\/hyfforddiant\/matiau-siarad\/","og_locale":"cy_GB","og_type":"article","og_title":"Matiau Siarad - AS Cymru","og_description":"Talking Mats Cynyddu&#8217;r gallu i gyfathrebu&#8217;n effeithiol am y pethau pwysig. Dull cyfathrebu arloesol, arobryn yw Talking Mats sy&#8217;n seiliedig ar ymchwil helaeth gan Therapyddion Iaith a Lleferydd a nhw hefyd oedd yn gyfrifol am ddylunio&#8217;r dull hwn. Mae&#8217;n fodel sy&#8217;n defnyddio symbolau lluniau unigryw a ddyluniwyd yn arbennig sy&#8217;n ddeniadol i bobl o bob&hellip;","og_url":"https:\/\/ascymru.org.uk\/cy\/hyfforddiant\/matiau-siarad\/","og_site_name":"AS Cymru","article_modified_time":"2025-12-18T13:38:54+00:00","og_image":[{"url":"http:\/\/ascymru.org.uk\/wp-content\/uploads\/2023\/06\/1e1e27fdd97634b5fe019b5f27f395e9.png","type":"","width":"","height":""}],"twitter_card":"summary_large_image","twitter_misc":{"Est. reading time":"4 minutes"},"schema":{"@context":"https:\/\/schema.org","@graph":[{"@type":"WebPage","@id":"https:\/\/ascymru.org.uk\/cy\/hyfforddiant\/matiau-siarad\/","url":"https:\/\/ascymru.org.uk\/cy\/hyfforddiant\/matiau-siarad\/","name":"Matiau Siarad - AS Cymru","isPartOf":{"@id":"https:\/\/ascymru.org.uk\/#website"},"primaryImageOfPage":{"@id":"https:\/\/ascymru.org.uk\/cy\/hyfforddiant\/matiau-siarad\/#primaryimage"},"image":{"@id":"https:\/\/ascymru.org.uk\/cy\/hyfforddiant\/matiau-siarad\/#primaryimage"},"thumbnailUrl":"http:\/\/ascymru.org.uk\/wp-content\/uploads\/2023\/06\/1e1e27fdd97634b5fe019b5f27f395e9.png","datePublished":"2023-05-31T11:44:15+00:00","dateModified":"2025-12-18T13:38:54+00:00","breadcrumb":{"@id":"https:\/\/ascymru.org.uk\/cy\/hyfforddiant\/matiau-siarad\/#breadcrumb"},"inLanguage":"cy-GB","potentialAction":[{"@type":"ReadAction","target":["https:\/\/ascymru.org.uk\/cy\/hyfforddiant\/matiau-siarad\/"]}]},{"@type":"ImageObject","inLanguage":"cy-GB","@id":"https:\/\/ascymru.org.uk\/cy\/hyfforddiant\/matiau-siarad\/#primaryimage","url":"http:\/\/ascymru.org.uk\/wp-content\/uploads\/2023\/06\/1e1e27fdd97634b5fe019b5f27f395e9.png","contentUrl":"http:\/\/ascymru.org.uk\/wp-content\/uploads\/2023\/06\/1e1e27fdd97634b5fe019b5f27f395e9.png"},{"@type":"BreadcrumbList","@id":"https:\/\/ascymru.org.uk\/cy\/hyfforddiant\/matiau-siarad\/#breadcrumb","itemListElement":[{"@type":"ListItem","position":1,"name":"Home","item":"https:\/\/ascymru.org.uk\/cy\/"},{"@type":"ListItem","position":2,"name":"Hyfforddiant","item":"https:\/\/ascymru.org.uk\/training\/"},{"@type":"ListItem","position":3,"name":"Matiau Siarad"}]},{"@type":"WebSite","@id":"https:\/\/ascymru.org.uk\/#website","url":"https:\/\/ascymru.org.uk\/","name":"AS Cymru","description":"","potentialAction":[{"@type":"SearchAction","target":{"@type":"EntryPoint","urlTemplate":"https:\/\/ascymru.org.uk\/?s={search_term_string}"},"query-input":{"@type":"PropertyValueSpecification","valueRequired":true,"valueName":"search_term_string"}}],"inLanguage":"cy-GB"}]}},"_links":{"self":[{"href":"https:\/\/ascymru.org.uk\/cy\/wp-json\/wp\/v2\/pages\/510","targetHints":{"allow":["GET"]}}],"collection":[{"href":"https:\/\/ascymru.org.uk\/cy\/wp-json\/wp\/v2\/pages"}],"about":[{"href":"https:\/\/ascymru.org.uk\/cy\/wp-json\/wp\/v2\/types\/page"}],"author":[{"embeddable":true,"href":"https:\/\/ascymru.org.uk\/cy\/wp-json\/wp\/v2\/users\/1"}],"replies":[{"embeddable":true,"href":"https:\/\/ascymru.org.uk\/cy\/wp-json\/wp\/v2\/comments?post=510"}],"version-history":[{"count":20,"href":"https:\/\/ascymru.org.uk\/cy\/wp-json\/wp\/v2\/pages\/510\/revisions"}],"predecessor-version":[{"id":2494,"href":"https:\/\/ascymru.org.uk\/cy\/wp-json\/wp\/v2\/pages\/510\/revisions\/2494"}],"up":[{"embeddable":true,"href":"https:\/\/ascymru.org.uk\/cy\/wp-json\/wp\/v2\/pages\/480"}],"wp:attachment":[{"href":"https:\/\/ascymru.org.uk\/cy\/wp-json\/wp\/v2\/media?parent=510"}],"curies":[{"name":"wp","href":"https:\/\/api.w.org\/{rel}","templated":true}]}}