{"id":512,"date":"2023-05-31T12:44:01","date_gmt":"2023-05-31T11:44:01","guid":{"rendered":"https:\/\/ascymru.org.uk\/hyfforddiant\/safetalk\/"},"modified":"2026-03-26T14:54:41","modified_gmt":"2026-03-26T14:54:41","slug":"safetalk","status":"publish","type":"page","link":"https:\/\/ascymru.org.uk\/cy\/hyfforddiant\/safetalk\/","title":{"rendered":"safeTALK"},"content":{"rendered":"\n<h2  data-animation-delay=\"0\" data-animation-duration=\"1\">\n\t\t\tsafeTALK: Ymwybyddiaeth Hunanladdiad i Bawb\t<\/h2>\n\t<p>Gweithdy hanner diwrnod yw safeTALK sy&#8217;n ategu&#8217;r cwrs deuddydd Hyfforddiant Sgiliau Ymyriadau Hunanladdiad Cymwysedig (ASIST) mwy cynhwysfawr a rhaglenni hyfforddiant ymyriadau hunanladdiad eraill. Nod safeTALK yw ymestyn estyniad cynorthwywyr ymwybyddiaeth hunanladdiad trwy sicrhau na fod meddyliau o hunanladdiad yn cael eu colli, eu hanwybyddu neu eu hosgoi.<\/p>\n<p>Mae safeTALK wedi&#8217;i dylunio ar gyfer y sawl yn y gymuned sydd angen bod yn ymwybodol o hunanladdiad fel rhan o&#8217;u swyddi. Gall hefyd weithio ar gyfer sefydliadau sydd \u00e2 hyfforddwyr cymwys ASIST eisoes. Mae&#8217;n canolbwyntio ar gysylltu person \u00e2 meddyliau hunanladdol \u00e2&#8217;r sawl sydd wedi cwblhau ASIST ac sydd felly wedi datblygu&#8217;r sgiliau i wneud ymyriad hunanladdiad.<\/p>\n<p><strong>Dyddiad y gweithdy nesaf: 20fed Mai 2026 10:00-13:30 yn Llaneirwg, Caerdydd<\/strong><\/p>\n\t\t\t\t<img decoding=\"async\" src=\"https:\/\/ascymru.org.uk\/wp-content\/uploads\/2023\/06\/ed3905992615f2d5df09040572bece77.png\" alt=\"ed3905992615f2d5df09040572bece77\" itemprop=\"image\" height=\"553\" width=\"529\" title=\"ed3905992615f2d5df09040572bece77\" onerror=\"this.style.display='none'\" loading=\"lazy\" \/>\n<h2  data-animation-delay=\"0\" data-animation-duration=\"1\">\n\t\t\tBeth yw safeTALK?  \t<\/h2>\n\t<p>Cwrs byr hanner diwrnod (3.5 awr) ar ymwybyddiaeth hunanladdiad yw safeTALK sydd \u00e2&#8217;r nod o fod y cam cyntaf allweddol o adnabod bod rhywun yn ystyried lladd ei hun. Gallwch roi rhybudd hunanladdiad ar waith trwy ddilyn y camau syml hyn &#8211; Dweud, Gofyn, Gwrando a Chadw&#8217;n Ddiogel.<\/p>\n<p>Mae safeTALK yn hyfforddi cynorthwywyr ymwybyddiaeth hunanladdiad i wneud y canlynol:<\/p>\n<ul>\n<li>\n<ul type=\"disc\">\n<li>Bod yn ymwybodol bod cyfleoedd i helpu person gyda meddyliau o hunanladdiad weithiau&#8217;n cael eu colli, eu hanwybyddu neu eu hosgoi.<\/li>\n<li>Adnabod pan y gallai rhywun fod yn cael meddyliau o hunanladdiad.<\/li>\n<li>Goresgyn rhwystrau i ennyn diddordeb person gyda meddyliau o hunanladdiad mewn trafodaeth uniongyrchol ac agored.<\/li>\n<li>Rhoi&#8217;r model 4-cam ar waith i gysylltu person sy&#8217;n meddwl am hunanladdiad gyda rhywun sydd wedi derbyn hyfforddiant ar ymyriadau hunanladdiad\u00a0(ee <strong><a href=\"http:\/\/ascymru.org.uk\/training\/asist\/\" target=\"_blank\" rel=\"noopener\">ASIST<\/a> )<\/strong>.<\/li>\n<\/ul>\n<\/li>\n<\/ul>\n\t\t\t\t<img decoding=\"async\" src=\"https:\/\/ascymru.org.uk\/wp-content\/uploads\/2023\/06\/e7b7d6735e5977cc6dd81788ea928066.png\" alt=\"e7b7d6735e5977cc6dd81788ea928066\" itemprop=\"image\" height=\"144\" width=\"350\" title=\"e7b7d6735e5977cc6dd81788ea928066\" onerror=\"this.style.display='none'\" loading=\"lazy\" \/>\n<h2  data-animation-delay=\"0\" data-animation-duration=\"1\">\n\t\t\tPwy all fynychu safetalk?  \t<\/h2>\n\t<p>Gall unrhyw un fynychu cwrs safeTALK. Mae&#8217;n addas ar gyfer pobl oed 16+ o unrhyw gefndir sydd angen bod yn ymwybodol o hunanladdiad yn eu gwaith neu fywyd personol. Fel arfer, caiff ei dysgu gan un hyfforddwr i grwpiau o hyd at 30 cyfranogwr.<\/p>\n<p>Awgrymir yn gryf bod sefydliad sy&#8217;n ystyried ymagwedd at atal hunanladdiad yn ystyried mabwysiadu ASIST a safeTALK gyda&#8217;i gilydd. Cwrs deuddydd cynhwysfawr yw ASIST lle mae cyfranogwyr yn dysgu&#8217;r sgiliau i ymgymryd ag ymyriad hunanladdiad. Nod safeTALK yw gweithredu fel rhwydwaith cefnogaeth ehangach i bobl fod yn ymwybodol o ymyriadau hunanladdiad ac i&#8217;r cynorthwywyr hynny gysylltu pobl \u00e2 meddyliau hunanladdol \u00e2 chefnogaeth pobl sydd wedi derbyn hyfforddiant ASIST.<\/p>\n<p>Bydd angen i sefydliadau sydd \u00e2 diddordeb mewn cwblhau cwrs safeTALK yn fewnol neu sy&#8217;n ystyried anfon staff ar gwrs agored gael digon o staff sydd wedi derbyn hyfforddiant ASIST.<\/p>\n<h2  data-animation-delay=\"0\" data-animation-duration=\"1\">\n\t\t\tBeth yw nodweddion y gweithdy?  \t<\/h2>\n\t<ul>\n<li>Wedi&#8217;i hwyluso gan o leiaf un hyfforddwr cymwys<\/li>\n<li>Cwrs hanner diwrnod yw safeTALK sy&#8217;n ffitio i mewn yn hawdd gyda&#8217;r wythnos waith<\/li>\n<li>Ymhlith y dulliau dysgu a ddefnyddir mae clipiau fideo, trafodaethau ac ymarferion<\/li>\n<li>Herio ac archwilio ymagweddau a chredoau yn ymwneud \u00e2 hunanladdiad<\/li>\n<li>Ymarfer y model 4-cam a rhoi rhybudd hunanladdiad ar waith<\/li>\n<\/ul>\n<h2  data-animation-delay=\"0\" data-animation-duration=\"1\">\n\t\t\t&#8220;Roedd Matt a Chris yn wych; yn wybodus, yn hawdd mynd atynt ac yn broffesiynol. Rwyf wedi elwa&#8217;n fawr o&#8217;r hyfforddiant. Diolch!&#8221;  \t<\/h2>\n\t<p>I ddarllen mwy am gwrs safeTALK &gt;&gt; <a href=\"https:\/\/www.livingworks.net\/safetalk\" target=\"_blank\" rel=\"noopener\">cliciwch yma<\/a><\/p>\n<h2  data-animation-delay=\"0\" data-animation-duration=\"1\">\n\t\t\tLleoliad a Dyddiadau\t<\/h2>\n\t<p>Cynhelir hyfforddiant yn ein hystafell hyfforddi ar y llawr cyntaf yn Llaneirwg, Caerdydd. Wedi&#8217;i wasanaethu&#8217;n llawn, yn hawdd ei gyrraedd o&#8217;r M4 C30 a&#8217;r A48, a chyda chyfleusterau modern, mae&#8217;n cynnwys digon o le parcio am ddim.<\/p>\n<h2  data-animation-delay=\"0\" data-animation-duration=\"1\">\n\t\t\tGweithdai Nesaf\t<\/h2>\n\t<p><strong>2026<\/strong><\/p>\n<p>Dydd Mercher 20fed Mai 10am &#8211; 1.30pm<\/p>\n<p>Dydd Mercher 15fed Gorffennaf 10am &#8211; 1.30pm<\/p>\n<p>Dydd Mercher Hydref 7fed 10am &#8211; 1.30pm<\/p>\n<p>Dydd Mercher 18fed Tachwedd 10am &#8211; 1.30pm<\/p>\n<p><strong>Lleoliad: Swyddfeydd ASC yn Llaneirwg, Caerdydd <\/strong><\/p>\n<p>Pris: <strong>\u00a345 y person<\/strong> (yn cynnwys deunyddiau cwrs a lluniaeth). Ni ddarperir cinio ar y cwrs hwn.<\/p>\n\t<p><strong>Mae safeTALK yn arbennig o addas ar gyfer hyfforddiant mewn-sefydliad i grwpiau o hyd at 40 o gyfranogwyr. Cysylltwch \u00e2 <a href=\"mailto:training@ascymru.org.uk\" target=\"_blank\" rel=\"noopener\">training@ascymru.org.uk<\/a> i holi ac i drafod gofynion eich sefydliad yn fwy manwl. <\/strong><\/p>\n<p>Rhaid Cael o leiaf 10 cyfranogwr ar unrhyw gwrs safeTALK. Ni fydd ASC yn gallu cynnal cwrs agored neu fewnol heb isafswm nifer y cyfranogwyr.<\/p>\n\t<p><strong>Am rhagor o fanylion ar sut i fwcio lle neu am ragor o wybodaeth, e-bostiwch <a href=\"mailto:training@ascymru.org.uk\" target=\"_blank\" rel=\"noopener\">training@ascymru.org.uk<\/a> neu ffoniwch ni ar 029 2054 0444.<\/strong><\/p>\n\t\t\t\t<img decoding=\"async\" src=\"https:\/\/ascymru.org.uk\/wp-content\/uploads\/2025\/03\/20241127_132504.jpg\" alt=\"20241127_132504\" itemprop=\"image\" height=\"1323\" width=\"2040\" title=\"20241127_132504\" onerror=\"this.style.display='none'\" loading=\"lazy\" \/>\n<h2  data-animation-delay=\"0\" data-animation-duration=\"1\">\n\t\t\tDdim yn si\u0175r pa wasanaeth sy&#8217;n iawn i chi?\t<\/h2>\n\t<p>Bydd ein siart lif Llwybr Atgyfeirio yn eich helpu.<\/p>\n\t\t\t<a href=\"http:\/\/ascymru.org.uk\/wp-content\/uploads\/2023\/05\/2020_ASC_A3_Statutory_Referral_Pathway.pdf\" target=\"_blank\" rel=\"noopener\">\n\t\t\t\t\t\t\tCliciwch yma i&#8217;w lawrlwytho\n\t\t\t\t\t<\/a>\n<h2  data-animation-delay=\"0\" data-animation-duration=\"1\">\n\t\t\tNewyddion a Blogiau\t<\/h2>\n\t\t\t\t\t\t<h3>\n\t\t\t\t<a href=\"https:\/\/ascymru.org.uk\/cy\/bydd-arian-y-loteri-genedlaethol-yn-ehangu-eiriolaeth-arbenigol-cymorth-adfocatiaeth-cymru-i-bobl-ag-anableddau-dysgu-a-neu-awtistiaeth\/\" title=\"Bydd arian y Loteri Genedlaethol yn ehangu Eiriolaeth Arbenigol Cymorth Adfocatiaeth Cymru i Bobl ag Anableddau Dysgu a\/neu Awtistiaeth.\">Bydd arian y Loteri Genedlaethol yn ehangu Eiriolaeth Arbenigol Cymorth Adfocatiaeth Cymru i Bobl ag Anableddau Dysgu a\/neu Awtistiaeth.<\/a>\t\t\t<\/h3>\n\t\t\t\t\t\t\t\tMae&#8217;n bleser gennym gyhoeddi bod cais am arian gan Gronfa Gymunedol y Loteri Genedlaethol Cymru i gefnogi ein gwasanaeth Anableddau &#8230;\n\t\t\t\t\t\t<h3>\n\t\t\t\t<a href=\"https:\/\/ascymru.org.uk\/cy\/mae-rhaglen-defnyddwyr-gwasanaeth-asc-yn-cael-cymorth-ariannol-gan-lywodraeth-cymru\/\" title=\"Mae Rhaglen Defnyddwyr Gwasanaeth ASC yn cael cymorth ariannol gan Lywodraeth Cymru\">Mae Rhaglen Defnyddwyr Gwasanaeth ASC yn cael cymorth ariannol gan Lywodraeth Cymru<\/a>\t\t\t<\/h3>\n\t\t\t\t\t\t\t\tRydym yn falch iawn o gyhoeddi bod cais am arian i gefnogi ein Rhaglen Defnyddwyr Gwasanaeth Gyda&#8217;n Gilydd wedi bod &#8230;\n<h2  data-animation-delay=\"0\" data-animation-duration=\"1\">\n\t\t\tDilynwch Ni\t<\/h2>\n<h2  data-animation-delay=\"0\" data-animation-duration=\"1\">\n\t\t\tCysylltwch \u00e2 Ni\t<\/h2>\n\t<p>Cymorth Eiriolaeth Cymru (ASC)<\/p>\n<strong>Prif Swyddfa:<\/strong><br \/>\nCharterhouse 1, Parc Busnes Links, Ffordd Fortran<br \/>\nLlaneirwg, Caerdydd<br \/>\nCF3 0LT\nSingleton House, Charter Court, Phoenix Way<br \/>\nParc Anturiaeth Abertawe, Abertawe<br \/>\nSA7 9DD\nFf\u00f4n: <strong><a href=\"tel:02920540444\" target=\"_blank\" rel=\"noopener\">029 2054 0444<\/a><\/strong><br \/>\nFfacs: <strong>029 2073 5620<\/strong><br \/>\nE-bost: <strong><a href=\"mailto:info@ascymru.org.uk\" target=\"_blank\" rel=\"noopener\">info@ascymru.org.uk<\/a><\/strong>\n\n","protected":false},"excerpt":{"rendered":"<p>safeTALK: Ymwybyddiaeth Hunanladdiad i Bawb Gweithdy hanner diwrnod yw safeTALK sy&#8217;n ategu&#8217;r cwrs deuddydd Hyfforddiant Sgiliau Ymyriadau Hunanladdiad Cymwysedig (ASIST) mwy cynhwysfawr a rhaglenni hyfforddiant ymyriadau hunanladdiad eraill. Nod safeTALK yw ymestyn estyniad cynorthwywyr ymwybyddiaeth hunanladdiad trwy sicrhau na fod meddyliau o hunanladdiad yn cael eu colli, eu hanwybyddu neu eu hosgoi. Mae safeTALK wedi&#8217;i&hellip;<\/p>\n","protected":false},"author":1,"featured_media":0,"parent":480,"menu_order":0,"comment_status":"closed","ping_status":"closed","template":"","meta":{"inline_featured_image":false,"footnotes":""},"class_list":["post-512","page","type-page","status-publish","hentry"],"yoast_head":"<!-- This site is optimized with the Yoast SEO plugin v26.6 - https:\/\/yoast.com\/wordpress\/plugins\/seo\/ -->\n<title>safeTALK - AS Cymru<\/title>\n<meta name=\"robots\" content=\"index, follow, max-snippet:-1, max-image-preview:large, max-video-preview:-1\" \/>\n<link rel=\"canonical\" href=\"https:\/\/ascymru.org.uk\/cy\/hyfforddiant\/safetalk\/\" \/>\n<meta property=\"og:locale\" content=\"cy_GB\" \/>\n<meta property=\"og:type\" content=\"article\" \/>\n<meta property=\"og:title\" content=\"safeTALK - AS Cymru\" \/>\n<meta property=\"og:description\" content=\"safeTALK: Ymwybyddiaeth Hunanladdiad i Bawb Gweithdy hanner diwrnod yw safeTALK sy&#8217;n ategu&#8217;r cwrs deuddydd Hyfforddiant Sgiliau Ymyriadau Hunanladdiad Cymwysedig (ASIST) mwy cynhwysfawr a rhaglenni hyfforddiant ymyriadau hunanladdiad eraill. Nod safeTALK yw ymestyn estyniad cynorthwywyr ymwybyddiaeth hunanladdiad trwy sicrhau na fod meddyliau o hunanladdiad yn cael eu colli, eu hanwybyddu neu eu hosgoi. Mae safeTALK wedi&#8217;i&hellip;\" \/>\n<meta property=\"og:url\" content=\"https:\/\/ascymru.org.uk\/cy\/hyfforddiant\/safetalk\/\" \/>\n<meta property=\"og:site_name\" content=\"AS Cymru\" \/>\n<meta property=\"article:modified_time\" content=\"2026-03-26T14:54:41+00:00\" \/>\n<meta property=\"og:image\" content=\"https:\/\/ascymru.org.uk\/wp-content\/uploads\/2023\/06\/ed3905992615f2d5df09040572bece77.png\" \/>\n<meta name=\"twitter:card\" content=\"summary_large_image\" \/>\n<meta name=\"twitter:label1\" content=\"Est. reading time\" \/>\n\t<meta name=\"twitter:data1\" content=\"4 minutes\" \/>\n<script type=\"application\/ld+json\" class=\"yoast-schema-graph\">{\"@context\":\"https:\/\/schema.org\",\"@graph\":[{\"@type\":\"WebPage\",\"@id\":\"https:\/\/ascymru.org.uk\/cy\/hyfforddiant\/safetalk\/\",\"url\":\"https:\/\/ascymru.org.uk\/cy\/hyfforddiant\/safetalk\/\",\"name\":\"safeTALK - AS Cymru\",\"isPartOf\":{\"@id\":\"https:\/\/ascymru.org.uk\/#website\"},\"primaryImageOfPage\":{\"@id\":\"https:\/\/ascymru.org.uk\/cy\/hyfforddiant\/safetalk\/#primaryimage\"},\"image\":{\"@id\":\"https:\/\/ascymru.org.uk\/cy\/hyfforddiant\/safetalk\/#primaryimage\"},\"thumbnailUrl\":\"https:\/\/ascymru.org.uk\/wp-content\/uploads\/2023\/06\/ed3905992615f2d5df09040572bece77.png\",\"datePublished\":\"2023-05-31T11:44:01+00:00\",\"dateModified\":\"2026-03-26T14:54:41+00:00\",\"breadcrumb\":{\"@id\":\"https:\/\/ascymru.org.uk\/cy\/hyfforddiant\/safetalk\/#breadcrumb\"},\"inLanguage\":\"cy-GB\",\"potentialAction\":[{\"@type\":\"ReadAction\",\"target\":[\"https:\/\/ascymru.org.uk\/cy\/hyfforddiant\/safetalk\/\"]}]},{\"@type\":\"ImageObject\",\"inLanguage\":\"cy-GB\",\"@id\":\"https:\/\/ascymru.org.uk\/cy\/hyfforddiant\/safetalk\/#primaryimage\",\"url\":\"https:\/\/ascymru.org.uk\/wp-content\/uploads\/2023\/06\/ed3905992615f2d5df09040572bece77.png\",\"contentUrl\":\"https:\/\/ascymru.org.uk\/wp-content\/uploads\/2023\/06\/ed3905992615f2d5df09040572bece77.png\"},{\"@type\":\"BreadcrumbList\",\"@id\":\"https:\/\/ascymru.org.uk\/cy\/hyfforddiant\/safetalk\/#breadcrumb\",\"itemListElement\":[{\"@type\":\"ListItem\",\"position\":1,\"name\":\"Home\",\"item\":\"https:\/\/ascymru.org.uk\/cy\/\"},{\"@type\":\"ListItem\",\"position\":2,\"name\":\"Hyfforddiant\",\"item\":\"https:\/\/ascymru.org.uk\/training\/\"},{\"@type\":\"ListItem\",\"position\":3,\"name\":\"safeTALK\"}]},{\"@type\":\"WebSite\",\"@id\":\"https:\/\/ascymru.org.uk\/#website\",\"url\":\"https:\/\/ascymru.org.uk\/\",\"name\":\"AS Cymru\",\"description\":\"\",\"potentialAction\":[{\"@type\":\"SearchAction\",\"target\":{\"@type\":\"EntryPoint\",\"urlTemplate\":\"https:\/\/ascymru.org.uk\/?s={search_term_string}\"},\"query-input\":{\"@type\":\"PropertyValueSpecification\",\"valueRequired\":true,\"valueName\":\"search_term_string\"}}],\"inLanguage\":\"cy-GB\"}]}<\/script>\n<!-- \/ Yoast SEO plugin. -->","yoast_head_json":{"title":"safeTALK - AS Cymru","robots":{"index":"index","follow":"follow","max-snippet":"max-snippet:-1","max-image-preview":"max-image-preview:large","max-video-preview":"max-video-preview:-1"},"canonical":"https:\/\/ascymru.org.uk\/cy\/hyfforddiant\/safetalk\/","og_locale":"cy_GB","og_type":"article","og_title":"safeTALK - AS Cymru","og_description":"safeTALK: Ymwybyddiaeth Hunanladdiad i Bawb Gweithdy hanner diwrnod yw safeTALK sy&#8217;n ategu&#8217;r cwrs deuddydd Hyfforddiant Sgiliau Ymyriadau Hunanladdiad Cymwysedig (ASIST) mwy cynhwysfawr a rhaglenni hyfforddiant ymyriadau hunanladdiad eraill. Nod safeTALK yw ymestyn estyniad cynorthwywyr ymwybyddiaeth hunanladdiad trwy sicrhau na fod meddyliau o hunanladdiad yn cael eu colli, eu hanwybyddu neu eu hosgoi. Mae safeTALK wedi&#8217;i&hellip;","og_url":"https:\/\/ascymru.org.uk\/cy\/hyfforddiant\/safetalk\/","og_site_name":"AS Cymru","article_modified_time":"2026-03-26T14:54:41+00:00","og_image":[{"url":"https:\/\/ascymru.org.uk\/wp-content\/uploads\/2023\/06\/ed3905992615f2d5df09040572bece77.png","type":"","width":"","height":""}],"twitter_card":"summary_large_image","twitter_misc":{"Est. reading time":"4 minutes"},"schema":{"@context":"https:\/\/schema.org","@graph":[{"@type":"WebPage","@id":"https:\/\/ascymru.org.uk\/cy\/hyfforddiant\/safetalk\/","url":"https:\/\/ascymru.org.uk\/cy\/hyfforddiant\/safetalk\/","name":"safeTALK - AS Cymru","isPartOf":{"@id":"https:\/\/ascymru.org.uk\/#website"},"primaryImageOfPage":{"@id":"https:\/\/ascymru.org.uk\/cy\/hyfforddiant\/safetalk\/#primaryimage"},"image":{"@id":"https:\/\/ascymru.org.uk\/cy\/hyfforddiant\/safetalk\/#primaryimage"},"thumbnailUrl":"https:\/\/ascymru.org.uk\/wp-content\/uploads\/2023\/06\/ed3905992615f2d5df09040572bece77.png","datePublished":"2023-05-31T11:44:01+00:00","dateModified":"2026-03-26T14:54:41+00:00","breadcrumb":{"@id":"https:\/\/ascymru.org.uk\/cy\/hyfforddiant\/safetalk\/#breadcrumb"},"inLanguage":"cy-GB","potentialAction":[{"@type":"ReadAction","target":["https:\/\/ascymru.org.uk\/cy\/hyfforddiant\/safetalk\/"]}]},{"@type":"ImageObject","inLanguage":"cy-GB","@id":"https:\/\/ascymru.org.uk\/cy\/hyfforddiant\/safetalk\/#primaryimage","url":"https:\/\/ascymru.org.uk\/wp-content\/uploads\/2023\/06\/ed3905992615f2d5df09040572bece77.png","contentUrl":"https:\/\/ascymru.org.uk\/wp-content\/uploads\/2023\/06\/ed3905992615f2d5df09040572bece77.png"},{"@type":"BreadcrumbList","@id":"https:\/\/ascymru.org.uk\/cy\/hyfforddiant\/safetalk\/#breadcrumb","itemListElement":[{"@type":"ListItem","position":1,"name":"Home","item":"https:\/\/ascymru.org.uk\/cy\/"},{"@type":"ListItem","position":2,"name":"Hyfforddiant","item":"https:\/\/ascymru.org.uk\/training\/"},{"@type":"ListItem","position":3,"name":"safeTALK"}]},{"@type":"WebSite","@id":"https:\/\/ascymru.org.uk\/#website","url":"https:\/\/ascymru.org.uk\/","name":"AS Cymru","description":"","potentialAction":[{"@type":"SearchAction","target":{"@type":"EntryPoint","urlTemplate":"https:\/\/ascymru.org.uk\/?s={search_term_string}"},"query-input":{"@type":"PropertyValueSpecification","valueRequired":true,"valueName":"search_term_string"}}],"inLanguage":"cy-GB"}]}},"_links":{"self":[{"href":"https:\/\/ascymru.org.uk\/cy\/wp-json\/wp\/v2\/pages\/512","targetHints":{"allow":["GET"]}}],"collection":[{"href":"https:\/\/ascymru.org.uk\/cy\/wp-json\/wp\/v2\/pages"}],"about":[{"href":"https:\/\/ascymru.org.uk\/cy\/wp-json\/wp\/v2\/types\/page"}],"author":[{"embeddable":true,"href":"https:\/\/ascymru.org.uk\/cy\/wp-json\/wp\/v2\/users\/1"}],"replies":[{"embeddable":true,"href":"https:\/\/ascymru.org.uk\/cy\/wp-json\/wp\/v2\/comments?post=512"}],"version-history":[{"count":24,"href":"https:\/\/ascymru.org.uk\/cy\/wp-json\/wp\/v2\/pages\/512\/revisions"}],"predecessor-version":[{"id":2708,"href":"https:\/\/ascymru.org.uk\/cy\/wp-json\/wp\/v2\/pages\/512\/revisions\/2708"}],"up":[{"embeddable":true,"href":"https:\/\/ascymru.org.uk\/cy\/wp-json\/wp\/v2\/pages\/480"}],"wp:attachment":[{"href":"https:\/\/ascymru.org.uk\/cy\/wp-json\/wp\/v2\/media?parent=512"}],"curies":[{"name":"wp","href":"https:\/\/api.w.org\/{rel}","templated":true}]}}